{"id":145,"date":"2022-04-01T17:59:29","date_gmt":"2022-04-01T20:59:29","guid":{"rendered":"http:\/\/unidiversidadeuva.com.br\/?page_id=145"},"modified":"2024-10-17T22:57:01","modified_gmt":"2024-10-18T01:57:01","slug":"memorial-uva","status":"publish","type":"page","link":"https:\/\/unidiversidadeuva.com.br\/index.php\/memorial-uva\/","title":{"rendered":"Memorial UVA"},"content":{"rendered":"\t\t<div data-elementor-type=\"wp-page\" data-elementor-id=\"145\" class=\"elementor elementor-145\" data-elementor-post-type=\"page\">\n\t\t\t\t\t\t<section class=\"elementor-section elementor-top-section elementor-element elementor-element-4f94bf9 elementor-section-boxed elementor-section-height-default elementor-section-height-default wpr-particle-no wpr-jarallax-no wpr-parallax-no wpr-sticky-section-no\" data-id=\"4f94bf9\" data-element_type=\"section\" data-e-type=\"section\">\n\t\t\t\t\t\t<div class=\"elementor-container elementor-column-gap-default\">\n\t\t\t\t\t<div class=\"elementor-column elementor-col-100 elementor-top-column elementor-element elementor-element-1e0cc49\" data-id=\"1e0cc49\" data-element_type=\"column\" data-e-type=\"column\">\n\t\t\t<div class=\"elementor-widget-wrap elementor-element-populated\">\n\t\t\t\t\t\t<div class=\"elementor-element elementor-element-5cb35c4 elementor-widget elementor-widget-heading\" data-id=\"5cb35c4\" data-element_type=\"widget\" data-e-type=\"widget\" data-widget_type=\"heading.default\">\n\t\t\t\t<div class=\"elementor-widget-container\">\n\t\t\t\t\t<h2 class=\"elementor-heading-title elementor-size-default\">Memorial da UVA<\/h2>\t\t\t\t<\/div>\n\t\t\t\t<\/div>\n\t\t\t\t<div class=\"elementor-element elementor-element-74f3b1d elementor-widget elementor-widget-text-editor\" data-id=\"74f3b1d\" data-element_type=\"widget\" data-e-type=\"widget\" data-widget_type=\"text-editor.default\">\n\t\t\t\t<div class=\"elementor-widget-container\">\n\t\t\t\t\t\t\t\t\t<p>Estamos trabalhando na cria\u00e7\u00e3o de uma nova se\u00e7\u00e3o dedicada ao <strong>Memorial da Universidade do Vale do Acara\u00fa<\/strong>, onde voc\u00ea poder\u00e1 explorar a hist\u00f3ria e as mem\u00f3rias desta institui\u00e7\u00e3o que tem um papel fundamental na forma\u00e7\u00e3o acad\u00eamica e cultural da regi\u00e3o. Aguarde! Em breve, essa p\u00e1gina estar\u00e1 dispon\u00edvel, trazendo informa\u00e7\u00f5es e relatos hist\u00f3ricos que destacam o legado da Universidade.<\/p>\t\t\t\t\t\t\t\t<\/div>\n\t\t\t\t<\/div>\n\t\t\t\t<div class=\"elementor-element elementor-element-8715ce6 elementor-widget elementor-widget-image\" data-id=\"8715ce6\" data-element_type=\"widget\" data-e-type=\"widget\" data-widget_type=\"image.default\">\n\t\t\t\t<div class=\"elementor-widget-container\">\n\t\t\t\t\t\t\t\t\t\t\t\t\t\t\t<img fetchpriority=\"high\" decoding=\"async\" width=\"943\" height=\"1024\" src=\"https:\/\/unidiversidadeuva.com.br\/wp-content\/uploads\/2024\/10\/PAGINA-1-MEMORIAL-UVA-943x1024.png\" class=\"attachment-large size-large wp-image-290\" alt=\"\" srcset=\"https:\/\/unidiversidadeuva.com.br\/wp-content\/uploads\/2024\/10\/PAGINA-1-MEMORIAL-UVA-943x1024.png 943w, https:\/\/unidiversidadeuva.com.br\/wp-content\/uploads\/2024\/10\/PAGINA-1-MEMORIAL-UVA-276x300.png 276w, https:\/\/unidiversidadeuva.com.br\/wp-content\/uploads\/2024\/10\/PAGINA-1-MEMORIAL-UVA-768x834.png 768w, https:\/\/unidiversidadeuva.com.br\/wp-content\/uploads\/2024\/10\/PAGINA-1-MEMORIAL-UVA-1414x1536.png 1414w, https:\/\/unidiversidadeuva.com.br\/wp-content\/uploads\/2024\/10\/PAGINA-1-MEMORIAL-UVA-1886x2048.png 1886w\" sizes=\"(max-width: 943px) 100vw, 943px\" \/>\t\t\t\t\t\t\t\t\t\t\t\t\t\t\t<\/div>\n\t\t\t\t<\/div>\n\t\t\t\t\t<\/div>\n\t\t<\/div>\n\t\t\t\t\t<\/div>\n\t\t<\/section>\n\t\t\t\t<\/div>\n\t\t","protected":false},"excerpt":{"rendered":"<p>Memorial da UVA Estamos trabalhando na cria\u00e7\u00e3o de uma nova se\u00e7\u00e3o dedicada ao Memorial da Universidade do Vale do Acara\u00fa, onde voc\u00ea poder\u00e1 explorar a hist\u00f3ria e as mem\u00f3rias desta institui\u00e7\u00e3o que tem um papel fundamental na forma\u00e7\u00e3o acad\u00eamica e cultural da regi\u00e3o. Aguarde! Em breve, essa p\u00e1gina estar\u00e1 dispon\u00edvel, trazendo informa\u00e7\u00f5es e relatos hist\u00f3ricos que destacam o legado da Universidade.<\/p>\n","protected":false},"author":1,"featured_media":0,"parent":0,"menu_order":0,"comment_status":"closed","ping_status":"closed","template":"page-templates\/template-pagebuilder-full-width.php","meta":{"neve_meta_sidebar":"","neve_meta_container":"","neve_meta_enable_content_width":"","neve_meta_content_width":0,"neve_meta_title_alignment":"","neve_meta_author_avatar":"","neve_post_elements_order":"","neve_meta_disable_header":"","neve_meta_disable_footer":"","neve_meta_disable_title":"","footnotes":""},"class_list":["post-145","page","type-page","status-publish","hentry"],"_links":{"self":[{"href":"https:\/\/unidiversidadeuva.com.br\/index.php\/wp-json\/wp\/v2\/pages\/145"}],"collection":[{"href":"https:\/\/unidiversidadeuva.com.br\/index.php\/wp-json\/wp\/v2\/pages"}],"about":[{"href":"https:\/\/unidiversidadeuva.com.br\/index.php\/wp-json\/wp\/v2\/types\/page"}],"author":[{"embeddable":true,"href":"https:\/\/unidiversidadeuva.com.br\/index.php\/wp-json\/wp\/v2\/users\/1"}],"replies":[{"embeddable":true,"href":"https:\/\/unidiversidadeuva.com.br\/index.php\/wp-json\/wp\/v2\/comments?post=145"}],"version-history":[{"count":4,"href":"https:\/\/unidiversidadeuva.com.br\/index.php\/wp-json\/wp\/v2\/pages\/145\/revisions"}],"predecessor-version":[{"id":352,"href":"https:\/\/unidiversidadeuva.com.br\/index.php\/wp-json\/wp\/v2\/pages\/145\/revisions\/352"}],"wp:attachment":[{"href":"https:\/\/unidiversidadeuva.com.br\/index.php\/wp-json\/wp\/v2\/media?parent=145"}],"curies":[{"name":"wp","href":"https:\/\/api.w.org\/{rel}","templated":true}]}}