{"id":151,"date":"2022-04-01T18:00:24","date_gmt":"2022-04-01T21:00:24","guid":{"rendered":"http:\/\/unidiversidadeuva.com.br\/?page_id=151"},"modified":"2023-12-28T11:40:36","modified_gmt":"2023-12-28T14:40:36","slug":"conversidade","status":"publish","type":"page","link":"https:\/\/unidiversidadeuva.com.br\/index.php\/conversidade\/","title":{"rendered":"Conversidade"},"content":{"rendered":"\t\t<div data-elementor-type=\"wp-page\" data-elementor-id=\"151\" class=\"elementor elementor-151\" data-elementor-post-type=\"page\">\n\t\t\t\t\t\t<section class=\"elementor-section elementor-top-section elementor-element elementor-element-4208e56 elementor-section-boxed elementor-section-height-default elementor-section-height-default wpr-particle-no wpr-jarallax-no wpr-parallax-no wpr-sticky-section-no\" data-id=\"4208e56\" data-element_type=\"section\" data-e-type=\"section\">\n\t\t\t\t\t\t<div class=\"elementor-container elementor-column-gap-default\">\n\t\t\t\t\t<div class=\"elementor-column elementor-col-100 elementor-top-column elementor-element elementor-element-b899e3d\" data-id=\"b899e3d\" data-element_type=\"column\" data-e-type=\"column\">\n\t\t\t<div class=\"elementor-widget-wrap elementor-element-populated\">\n\t\t\t\t\t\t<div class=\"elementor-element elementor-element-4005f83 elementor-widget elementor-widget-heading\" data-id=\"4005f83\" data-element_type=\"widget\" data-e-type=\"widget\" data-widget_type=\"heading.default\">\n\t\t\t\t<div class=\"elementor-widget-container\">\n\t\t\t\t\t<h1 class=\"elementor-heading-title elementor-size-default\">Conversidade por uma Universidade Plural<\/h1>\t\t\t\t<\/div>\n\t\t\t\t<\/div>\n\t\t\t\t\t<\/div>\n\t\t<\/div>\n\t\t\t\t\t<\/div>\n\t\t<\/section>\n\t\t\t\t<section class=\"elementor-section elementor-top-section elementor-element elementor-element-4a8c212 elementor-section-boxed elementor-section-height-default elementor-section-height-default wpr-particle-no wpr-jarallax-no wpr-parallax-no wpr-sticky-section-no\" data-id=\"4a8c212\" data-element_type=\"section\" data-e-type=\"section\">\n\t\t\t\t\t\t<div class=\"elementor-container elementor-column-gap-default\">\n\t\t\t\t\t<div class=\"elementor-column elementor-col-100 elementor-top-column elementor-element elementor-element-689b19b\" data-id=\"689b19b\" data-element_type=\"column\" data-e-type=\"column\">\n\t\t\t<div class=\"elementor-widget-wrap elementor-element-populated\">\n\t\t\t\t\t\t<div class=\"elementor-element elementor-element-ea563ea elementor-widget elementor-widget-text-editor\" data-id=\"ea563ea\" data-element_type=\"widget\" data-e-type=\"widget\" data-widget_type=\"text-editor.default\">\n\t\t\t\t<div class=\"elementor-widget-container\">\n\t\t\t\t\t\t\t\t\t<p>O PODCAST \u201cCONVERSIDADE\u201d, Tem Seu nome inspirado no Livro Hom\u00f4nimo de Reinaldo Fleuri, que prop\u00f5e o pensar, o sentir e o\u00a0\u00a0 fazer universit\u00e1rio como uma constru\u00e7\u00e3o compartilhada, junto aos grupos populares, compreendendo e aprendendo com as pr\u00e1ticas comunit\u00e1rias e os movimentos sociais.<\/p><p>Esse podcast \u00e9 uma a\u00e7\u00e3o de extens\u00e3o idealizada e produzida pelo Grupo de Estudo e Pesquisa sobre Pedagogia Universit\u00e1ria (GEPPU) e pelo Grupo de Estudos e Pesquisas em Planejamento Urbano e Regional (GEPPUR), ambos da Universidade Estadual Vale do Acara\u00fa (UVA). Com uma vis\u00e3o plural de universidade, o <em>Conversidade<\/em> objetiva realizar rodas de conversa sobre o papel da universidade no desenvolvimento territorial e na potencialidade dos territ\u00f3rios indenit\u00e1rios para o fortalecimento de uma sociedade mais justa, democr\u00e1tica e includente.<\/p><p>J\u00e1 est\u00e3o dispon\u00edveis \u00a0\u00a0tr\u00eas s\u00e9ries, Universidade e desenvolvimento; territorial e s\u00e9rie Territ\u00f3rios do conhecimento na universidade e Expans\u00e3o e a interioriza\u00e7\u00e3o do ensino superior, que podem ser conferidas nas plataformas como Spotify e Deezer.<\/p>\t\t\t\t\t\t\t\t<\/div>\n\t\t\t\t<\/div>\n\t\t\t\t\t<\/div>\n\t\t<\/div>\n\t\t\t\t\t<\/div>\n\t\t<\/section>\n\t\t\t\t<section class=\"elementor-section elementor-top-section elementor-element elementor-element-a198c11 elementor-section-boxed elementor-section-height-default elementor-section-height-default wpr-particle-no wpr-jarallax-no wpr-parallax-no wpr-sticky-section-no\" data-id=\"a198c11\" data-element_type=\"section\" data-e-type=\"section\">\n\t\t\t\t\t\t<div class=\"elementor-container elementor-column-gap-default\">\n\t\t\t\t\t<div class=\"elementor-column elementor-col-100 elementor-top-column elementor-element elementor-element-d2ee70b\" data-id=\"d2ee70b\" data-element_type=\"column\" data-e-type=\"column\">\n\t\t\t<div class=\"elementor-widget-wrap elementor-element-populated\">\n\t\t\t\t\t\t<div class=\"elementor-element elementor-element-18b1eda elementor-widget elementor-widget-heading\" data-id=\"18b1eda\" data-element_type=\"widget\" data-e-type=\"widget\" data-widget_type=\"heading.default\">\n\t\t\t\t<div class=\"elementor-widget-container\">\n\t\t\t\t\t<h2 class=\"elementor-heading-title elementor-size-default\">Ou\u00e7a nossos Podcasts:<\/h2>\t\t\t\t<\/div>\n\t\t\t\t<\/div>\n\t\t\t\t<section class=\"elementor-section elementor-inner-section elementor-element elementor-element-fa055cf elementor-section-boxed elementor-section-height-default elementor-section-height-default wpr-particle-no wpr-jarallax-no wpr-parallax-no wpr-sticky-section-no\" data-id=\"fa055cf\" data-element_type=\"section\" data-e-type=\"section\">\n\t\t\t\t\t\t<div class=\"elementor-container elementor-column-gap-default\">\n\t\t\t\t\t<div class=\"elementor-column elementor-col-33 elementor-inner-column elementor-element elementor-element-82872f7\" data-id=\"82872f7\" data-element_type=\"column\" data-e-type=\"column\">\n\t\t\t<div class=\"elementor-widget-wrap elementor-element-populated\">\n\t\t\t\t\t\t<div class=\"elementor-element elementor-element-fb68fb8 elementor-view-default elementor-widget elementor-widget-icon\" data-id=\"fb68fb8\" data-element_type=\"widget\" data-e-type=\"widget\" data-widget_type=\"icon.default\">\n\t\t\t\t<div class=\"elementor-widget-container\">\n\t\t\t\t\t\t\t<div class=\"elementor-icon-wrapper\">\n\t\t\t<a class=\"elementor-icon\" href=\"https:\/\/open.spotify.com\/show\/2H9gBLRPbnSV4cCTqaGEIJ?si=LZ950u2xQfSNX93ez16EuA\">\n\t\t\t<svg xmlns=\"http:\/\/www.w3.org\/2000\/svg\" height=\"168px\" width=\"559px\" viewBox=\"0 0 559 168\"><path fill=\"#1ED760\" d=\"m83.996 0.277c-46.249 0-83.743 37.493-83.743 83.742 0 46.251 37.494 83.741 83.743 83.741 46.254 0 83.744-37.49 83.744-83.741 0-46.246-37.49-83.738-83.745-83.738l0.001-0.004zm38.404 120.78c-1.5 2.46-4.72 3.24-7.18 1.73-19.662-12.01-44.414-14.73-73.564-8.07-2.809 0.64-5.609-1.12-6.249-3.93-0.643-2.81 1.11-5.61 3.926-6.25 31.9-7.288 59.263-4.15 81.337 9.34 2.46 1.51 3.24 4.72 1.73 7.18zm10.25-22.802c-1.89 3.072-5.91 4.042-8.98 2.152-22.51-13.836-56.823-17.843-83.448-9.761-3.453 1.043-7.1-0.903-8.148-4.35-1.04-3.453 0.907-7.093 4.354-8.143 30.413-9.228 68.222-4.758 94.072 11.127 3.07 1.89 4.04 5.91 2.15 8.976v-0.001zm0.88-23.744c-26.99-16.031-71.52-17.505-97.289-9.684-4.138 1.255-8.514-1.081-9.768-5.219-1.254-4.14 1.08-8.513 5.221-9.771 29.581-8.98 78.756-7.245 109.83 11.202 3.73 2.209 4.95 7.016 2.74 10.733-2.2 3.722-7.02 4.949-10.73 2.739zm94.56 3.072c-14.46-3.448-17.03-5.868-17.03-10.953 0-4.804 4.52-8.037 11.25-8.037 6.52 0 12.98 2.455 19.76 7.509 0.2 0.153 0.46 0.214 0.71 0.174 0.26-0.038 0.48-0.177 0.63-0.386l7.06-9.952c0.29-0.41 0.21-0.975-0.18-1.288-8.07-6.473-17.15-9.62-27.77-9.62-15.61 0-26.52 9.369-26.52 22.774 0 14.375 9.41 19.465 25.67 23.394 13.83 3.187 16.17 5.857 16.17 10.629 0 5.29-4.72 8.58-12.32 8.58-8.44 0-15.33-2.85-23.03-9.51-0.19-0.17-0.45-0.24-0.69-0.23-0.26 0.02-0.49 0.14-0.65 0.33l-7.92 9.42c-0.33 0.4-0.29 0.98 0.09 1.32 8.96 8 19.98 12.22 31.88 12.22 16.82 0 27.69-9.19 27.69-23.42 0.03-12.007-7.16-18.657-24.77-22.941l-0.03-0.013zm62.86-14.26c-7.29 0-13.27 2.872-18.21 8.757v-6.624c0-0.523-0.42-0.949-0.94-0.949h-12.95c-0.52 0-0.94 0.426-0.94 0.949v73.601c0 0.52 0.42 0.95 0.94 0.95h12.95c0.52 0 0.94-0.43 0.94-0.95v-23.23c4.94 5.53 10.92 8.24 18.21 8.24 13.55 0 27.27-10.43 27.27-30.369 0.02-19.943-13.7-30.376-27.26-30.376l-0.01 0.001zm12.21 30.375c0 10.149-6.25 17.239-15.21 17.239-8.85 0-15.53-7.41-15.53-17.239 0-9.83 6.68-17.238 15.53-17.238 8.81-0.001 15.21 7.247 15.21 17.237v0.001zm50.21-30.375c-17.45 0-31.12 13.436-31.12 30.592 0 16.972 13.58 30.262 30.91 30.262 17.51 0 31.22-13.39 31.22-30.479 0-17.031-13.62-30.373-31.01-30.373v-0.002zm0 47.714c-9.28 0-16.28-7.46-16.28-17.344 0-9.929 6.76-17.134 16.07-17.134 9.34 0 16.38 7.457 16.38 17.351 0 9.927-6.8 17.127-16.17 17.127zm68.27-46.53h-14.25v-14.566c0-0.522-0.42-0.948-0.94-0.948h-12.95c-0.52 0-0.95 0.426-0.95 0.948v14.566h-6.22c-0.52 0-0.94 0.426-0.94 0.949v11.127c0 0.522 0.42 0.949 0.94 0.949h6.22v28.795c0 11.63 5.79 17.53 17.22 17.53 4.64 0 8.49-0.96 12.12-3.02 0.3-0.16 0.48-0.48 0.48-0.82v-10.6c0-0.32-0.17-0.63-0.45-0.8-0.28-0.18-0.63-0.19-0.92-0.04-2.49 1.25-4.9 1.83-7.6 1.83-4.15 0-6.01-1.89-6.01-6.11v-26.76h14.25c0.52 0 0.94-0.426 0.94-0.949v-11.126c0.02-0.523-0.4-0.949-0.93-0.949l-0.01-0.006zm49.64 0.057v-1.789c0-5.263 2.02-7.61 6.54-7.61 2.7 0 4.87 0.536 7.3 1.346 0.3 0.094 0.61 0.047 0.85-0.132 0.25-0.179 0.39-0.466 0.39-0.77v-10.91c0-0.417-0.26-0.786-0.67-0.909-2.56-0.763-5.84-1.546-10.76-1.546-11.95 0-18.28 6.734-18.28 19.467v2.74h-6.22c-0.52 0-0.95 0.426-0.95 0.948v11.184c0 0.522 0.43 0.949 0.95 0.949h6.22v44.405c0 0.53 0.43 0.95 0.95 0.95h12.94c0.53 0 0.95-0.42 0.95-0.95v-44.402h12.09l18.52 44.402c-2.1 4.66-4.17 5.59-6.99 5.59-2.28 0-4.69-0.68-7.14-2.03-0.23-0.12-0.51-0.14-0.75-0.07-0.25 0.09-0.46 0.27-0.56 0.51l-4.39 9.63c-0.21 0.46-0.03 0.99 0.41 1.23 4.58 2.48 8.71 3.54 13.82 3.54 9.56 0 14.85-4.46 19.5-16.44l22.46-58.037c0.12-0.292 0.08-0.622-0.1-0.881-0.17-0.257-0.46-0.412-0.77-0.412h-13.48c-0.41 0-0.77 0.257-0.9 0.636l-13.81 39.434-15.12-39.46c-0.14-0.367-0.49-0.61-0.88-0.61h-22.12v-0.003zm-28.78-0.057h-12.95c-0.52 0-0.95 0.426-0.95 0.949v56.481c0 0.53 0.43 0.95 0.95 0.95h12.95c0.52 0 0.95-0.42 0.95-0.95v-56.477c0-0.523-0.42-0.949-0.95-0.949v-0.004zm-6.4-25.719c-5.13 0-9.29 4.152-9.29 9.281 0 5.132 4.16 9.289 9.29 9.289s9.28-4.157 9.28-9.289c0-5.128-4.16-9.281-9.28-9.281zm113.42 43.88c-5.12 0-9.11-4.115-9.11-9.112s4.04-9.159 9.16-9.159 9.11 4.114 9.11 9.107c0 4.997-4.04 9.164-9.16 9.164zm0.05-17.365c-4.67 0-8.2 3.71-8.2 8.253 0 4.541 3.51 8.201 8.15 8.201 4.67 0 8.2-3.707 8.2-8.253 0-4.541-3.51-8.201-8.15-8.201zm2.02 9.138l2.58 3.608h-2.18l-2.32-3.31h-1.99v3.31h-1.82v-9.564h4.26c2.23 0 3.69 1.137 3.69 3.051 0.01 1.568-0.9 2.526-2.21 2.905h-0.01zm-1.54-4.315h-2.37v3.025h2.37c1.18 0 1.89-0.579 1.89-1.514 0-0.984-0.71-1.511-1.89-1.511z\"><\/path><\/svg>\t\t\t<\/a>\n\t\t<\/div>\n\t\t\t\t\t\t<\/div>\n\t\t\t\t<\/div>\n\t\t\t\t\t<\/div>\n\t\t<\/div>\n\t\t\t\t<div class=\"elementor-column elementor-col-33 elementor-inner-column elementor-element elementor-element-7c0c583\" data-id=\"7c0c583\" data-element_type=\"column\" data-e-type=\"column\">\n\t\t\t<div class=\"elementor-widget-wrap elementor-element-populated\">\n\t\t\t\t\t\t<div class=\"elementor-element elementor-element-9cd2fbe elementor-view-default elementor-widget elementor-widget-icon\" data-id=\"9cd2fbe\" data-element_type=\"widget\" data-e-type=\"widget\" data-widget_type=\"icon.default\">\n\t\t\t\t<div class=\"elementor-widget-container\">\n\t\t\t\t\t\t\t<div class=\"elementor-icon-wrapper\">\n\t\t\t<a class=\"elementor-icon\" href=\"https:\/\/deezer.page.link\/CCcADJNqbB9wSviJ8\">\n\t\t\t<svg xmlns:cc=\"http:\/\/creativecommons.org\/ns#\" xmlns:dc=\"http:\/\/purl.org\/dc\/elements\/1.1\/\" xmlns:inkscape=\"http:\/\/www.inkscape.org\/namespaces\/inkscape\" xmlns:rdf=\"http:\/\/www.w3.org\/1999\/02\/22-rdf-syntax-ns#\" xmlns:sodipodi=\"http:\/\/sodipodi.sourceforge.net\/DTD\/sodipodi-0.dtd\" xmlns:svg=\"http:\/\/www.w3.org\/2000\/svg\" xmlns=\"http:\/\/www.w3.org\/2000\/svg\" xmlns:xlink=\"http:\/\/www.w3.org\/1999\/xlink\" id=\"Calque_1\" inkscape:version=\"0.92.4 (5da689c313, 2019-01-14)\" sodipodi:docname=\"index.svg\" x=\"0px\" y=\"0px\" viewBox=\"0 0 1000 191.2\" style=\"enable-background:new 0 0 1000 191.2;\" xml:space=\"preserve\"><style type=\"text\/css\">\t.st0{fill-rule:evenodd;clip-rule:evenodd;fill:#40AB5D;}\t.st1{fill-rule:evenodd;clip-rule:evenodd;fill:url(#rect8192_1_);}\t.st2{fill-rule:evenodd;clip-rule:evenodd;fill:url(#rect8199_1_);}\t.st3{fill-rule:evenodd;clip-rule:evenodd;fill:url(#rect8206_1_);}\t.st4{fill-rule:evenodd;clip-rule:evenodd;fill:url(#rect8213_1_);}\t.st5{fill-rule:evenodd;clip-rule:evenodd;fill:url(#rect8220_1_);}\t.st6{fill-rule:evenodd;clip-rule:evenodd;fill:url(#rect8227_1_);}\t.st7{fill-rule:evenodd;clip-rule:evenodd;fill:url(#rect8234_1_);}\t.st8{fill-rule:evenodd;clip-rule:evenodd;fill:url(#rect8241_1_);}\t.st9{fill-rule:evenodd;clip-rule:evenodd;fill:url(#rect8248_1_);}<\/style><g id=\"g8252\" transform=\"translate(0,86.843818)\">\t<path id=\"path8175\" inkscape:connector-curvature=\"0\" d=\"M234.1,40.1c0,40.1,24.7,64.1,61.4,64.1c18.3,0,33.7-5.1,42.3-18.5v18.5  h33.5V-86.8h-34.8v81.2c-7.9-13.4-22.5-19.4-40.8-19.4C259.9-25.1,234.1-0.6,234.1,40.1L234.1,40.1z M337.6,40.1  c0,22.9-15.6,37.2-34.3,37.2c-19.4,0-34.3-14.3-34.3-37.2c0-23.3,15-37.9,34.3-37.9C322,2.2,337.6,17,337.6,40.1z\"><\/path>\t<path id=\"path8177\" inkscape:connector-curvature=\"0\" d=\"M479.6,54.9c-4,14.8-14.1,22.2-30,22.2c-18.5,0-33.7-11.2-34.1-31h87.7  c1.1-4.9,1.6-10.1,1.6-15.8c0-35.5-24.2-55.5-59.9-55.5c-38.1,0-64.3,27.1-64.3,63.9c0,41,28.9,65.6,68.9,65.6  c30.2,0,50.7-12.6,59.7-37.7L479.6,54.9z M415.5,22.9C418.8,8.6,430.7,0.2,445,0.2c15.6,0,26.2,8.4,26.2,21.6l-0.2,1.1H415.5z\"><\/path>\t<path id=\"path8179\" inkscape:connector-curvature=\"0\" d=\"M608.7,54.9c-4,14.8-14.1,22.2-30,22.2c-18.5,0-33.7-11.2-34.1-31h87.7  c1.1-4.9,1.6-10.1,1.6-15.8c0-35.5-24.2-55.5-59.9-55.5c-38.1,0-64.3,27.1-64.3,63.9c0,41,28.9,65.6,68.9,65.6  c30.2,0,50.7-12.6,59.7-37.7L608.7,54.9z M544.6,22.9c3.3-14.3,15.2-22.7,29.5-22.7c15.6,0,26.2,8.4,26.2,21.6l-0.2,1.1H544.6z\"><\/path>\t<path id=\"path8181\" inkscape:connector-curvature=\"0\" d=\"M756.7,104.4V72.9h-73.1l71.1-69.2v-28.8H642.2v30h68.7L640,74.4v30H756.7  z\"><\/path>\t<path id=\"path8183\" inkscape:connector-curvature=\"0\" d=\"M858.4,54.9c-4,14.8-14.1,22.2-30,22.2c-18.5,0-33.7-11.2-34.1-31H882  c1.1-4.9,1.6-10.1,1.6-15.8c0-35.5-24.2-55.5-59.9-55.5c-38.1,0-64.3,27.1-64.3,63.9c0,41,28.9,65.6,68.9,65.6  c30.2,0,50.7-12.6,59.7-37.7L858.4,54.9z M794.3,22.9c3.3-14.3,15.2-22.7,29.5-22.7c15.6,0,26.2,8.4,26.2,21.6l-0.2,1.1H794.3z\"><\/path>\t<rect id=\"rect8185\" x=\"155.5\" y=\"-25.1\" class=\"st0\" width=\"42.9\" height=\"25.1\"><\/rect>\t\t\t<linearGradient id=\"rect8192_1_\" gradientUnits=\"userSpaceOnUse\" x1=\"-111.7225\" y1=\"241.8037\" x2=\"-111.9427\" y2=\"255.8256\" gradientTransform=\"matrix(1.8318 0 0 -1.8318 381.8134 477.9528)\">\t\t<stop offset=\"0\" style=\"stop-color:#358C7B\"><\/stop>\t\t<stop offset=\"0.5256\" style=\"stop-color:#33A65E\"><\/stop>\t<\/linearGradient>\t<rect id=\"rect8192\" x=\"155.5\" y=\"9.7\" class=\"st1\" width=\"42.9\" height=\"25.1\"><\/rect>\t\t\t<linearGradient id=\"rect8199_1_\" gradientUnits=\"userSpaceOnUse\" x1=\"-123.8913\" y1=\"223.6279\" x2=\"-99.7725\" y2=\"235.9171\" gradientTransform=\"matrix(1.8318 0 0 -1.8318 381.8134 477.9528)\">\t\t<stop offset=\"0\" style=\"stop-color:#222B90\"><\/stop>\t\t<stop offset=\"1\" style=\"stop-color:#367B99\"><\/stop>\t<\/linearGradient>\t<rect id=\"rect8199\" x=\"155.5\" y=\"44.5\" class=\"st2\" width=\"42.9\" height=\"25.1\"><\/rect>\t\t\t<linearGradient id=\"rect8206_1_\" gradientUnits=\"userSpaceOnUse\" x1=\"-208.4319\" y1=\"210.7725\" x2=\"-185.0319\" y2=\"210.7725\" gradientTransform=\"matrix(1.8318 0 0 -1.8318 381.8134 477.9528)\">\t\t<stop offset=\"0\" style=\"stop-color:#FF9900\"><\/stop>\t\t<stop offset=\"1\" style=\"stop-color:#FF8000\"><\/stop>\t<\/linearGradient>\t<rect id=\"rect8206\" x=\"0\" y=\"79.3\" class=\"st3\" width=\"42.9\" height=\"25.1\"><\/rect>\t\t\t<linearGradient id=\"rect8213_1_\" gradientUnits=\"userSpaceOnUse\" x1=\"-180.1319\" y1=\"210.7725\" x2=\"-156.7319\" y2=\"210.7725\" gradientTransform=\"matrix(1.8318 0 0 -1.8318 381.8134 477.9528)\">\t\t<stop offset=\"0\" style=\"stop-color:#FF8000\"><\/stop>\t\t<stop offset=\"1\" style=\"stop-color:#CC1953\"><\/stop>\t<\/linearGradient>\t<rect id=\"rect8213\" x=\"51.8\" y=\"79.3\" class=\"st4\" width=\"42.9\" height=\"25.1\"><\/rect>\t\t\t<linearGradient id=\"rect8220_1_\" gradientUnits=\"userSpaceOnUse\" x1=\"-151.8319\" y1=\"210.7725\" x2=\"-128.4319\" y2=\"210.7725\" gradientTransform=\"matrix(1.8318 0 0 -1.8318 381.8134 477.9528)\">\t\t<stop offset=\"0\" style=\"stop-color:#CC1953\"><\/stop>\t\t<stop offset=\"1\" style=\"stop-color:#241284\"><\/stop>\t<\/linearGradient>\t<rect id=\"rect8220\" x=\"103.7\" y=\"79.3\" class=\"st5\" width=\"42.9\" height=\"25.1\"><\/rect>\t\t\t<linearGradient id=\"rect8227_1_\" gradientUnits=\"userSpaceOnUse\" x1=\"-123.5596\" y1=\"210.7725\" x2=\"-100.1596\" y2=\"210.7725\" gradientTransform=\"matrix(1.8318 0 0 -1.8318 381.8134 477.9528)\">\t\t<stop offset=\"0\" style=\"stop-color:#222B90\"><\/stop>\t\t<stop offset=\"1\" style=\"stop-color:#3559A6\"><\/stop>\t<\/linearGradient>\t<rect id=\"rect8227\" x=\"155.5\" y=\"79.3\" class=\"st6\" width=\"42.9\" height=\"25.1\"><\/rect>\t\t\t<linearGradient id=\"rect8234_1_\" gradientUnits=\"userSpaceOnUse\" x1=\"-152.7555\" y1=\"226.0811\" x2=\"-127.5083\" y2=\"233.4639\" gradientTransform=\"matrix(1.8318 0 0 -1.8318 381.8134 477.9528)\">\t\t<stop offset=\"0\" style=\"stop-color:#CC1953\"><\/stop>\t\t<stop offset=\"1\" style=\"stop-color:#241284\"><\/stop>\t<\/linearGradient>\t<rect id=\"rect8234\" x=\"103.7\" y=\"44.5\" class=\"st7\" width=\"42.9\" height=\"25.1\"><\/rect>\t\t\t<linearGradient id=\"rect8241_1_\" gradientUnits=\"userSpaceOnUse\" x1=\"-180.9648\" y1=\"234.3341\" x2=\"-155.899\" y2=\"225.2108\" gradientTransform=\"matrix(1.8318 0 0 -1.8318 381.8134 477.9528)\">\t\t<stop offset=\"2.669841e-03\" style=\"stop-color:#FFCC00\"><\/stop>\t\t<stop offset=\"0.9999\" style=\"stop-color:#CE1938\"><\/stop>\t<\/linearGradient>\t<rect id=\"rect8241\" x=\"51.8\" y=\"44.5\" class=\"st8\" width=\"42.9\" height=\"25.1\"><\/rect>\t\t\t<linearGradient id=\"rect8248_1_\" gradientUnits=\"userSpaceOnUse\" x1=\"-178.1651\" y1=\"257.7539\" x2=\"-158.6987\" y2=\"239.791\" gradientTransform=\"matrix(1.8318 0 0 -1.8318 381.8134 477.9528)\">\t\t<stop offset=\"2.669841e-03\" style=\"stop-color:#FFD100\"><\/stop>\t\t<stop offset=\"1\" style=\"stop-color:#FD5A22\"><\/stop>\t<\/linearGradient>\t<rect id=\"rect8248\" x=\"51.8\" y=\"9.7\" class=\"st9\" width=\"42.9\" height=\"25.1\"><\/rect>\t<path id=\"path8250\" inkscape:connector-curvature=\"0\" d=\"M966.1,19.6c0,1.3,0,3.7,0,3.7h33.9c0,0,0-6.4,0-9.9  c0-22.2-13.9-38.3-37.2-38.3c-15,0-25.6,7.3-31.1,19.4v-19.4h-35v129.3h35V21.1c0-13.2,7.1-20.5,18-20.5  C959.7,0.7,966.1,10.1,966.1,19.6z\"><\/path><\/g><\/svg>\t\t\t<\/a>\n\t\t<\/div>\n\t\t\t\t\t\t<\/div>\n\t\t\t\t<\/div>\n\t\t\t\t\t<\/div>\n\t\t<\/div>\n\t\t\t\t<div class=\"elementor-column elementor-col-33 elementor-inner-column elementor-element elementor-element-edacada\" data-id=\"edacada\" data-element_type=\"column\" data-e-type=\"column\">\n\t\t\t<div class=\"elementor-widget-wrap\">\n\t\t\t\t\t\t\t<\/div>\n\t\t<\/div>\n\t\t\t\t\t<\/div>\n\t\t<\/section>\n\t\t\t\t\t<\/div>\n\t\t<\/div>\n\t\t\t\t\t<\/div>\n\t\t<\/section>\n\t\t\t\t<\/div>\n\t\t","protected":false},"excerpt":{"rendered":"<p>Conversidade por uma Universidade Plural O PODCAST \u201cCONVERSIDADE\u201d, Tem Seu nome inspirado no Livro Hom\u00f4nimo de Reinaldo Fleuri, que prop\u00f5e o pensar, o sentir e o\u00a0\u00a0 fazer universit\u00e1rio como uma constru\u00e7\u00e3o compartilhada, junto aos grupos populares, compreendendo e aprendendo com as pr\u00e1ticas comunit\u00e1rias e os movimentos sociais. Esse podcast \u00e9 uma a\u00e7\u00e3o de extens\u00e3o idealizada e produzida pelo Grupo de Estudo e Pesquisa sobre Pedagogia Universit\u00e1ria (GEPPU) e pelo Grupo de Estudos e Pesquisas em Planejamento Urbano e Regional (GEPPUR), ambos da Universidade Estadual Vale do Acara\u00fa (UVA). Com uma vis\u00e3o plural de universidade, o Conversidade objetiva realizar rodas de conversa sobre o papel da universidade no desenvolvimento territorial e na potencialidade dos territ\u00f3rios indenit\u00e1rios para o fortalecimento de uma sociedade mais justa, democr\u00e1tica e includente. J\u00e1 est\u00e3o dispon\u00edveis \u00a0\u00a0tr\u00eas s\u00e9ries, Universidade e desenvolvimento; territorial e s\u00e9rie Territ\u00f3rios do conhecimento na universidade e Expans\u00e3o e a interioriza\u00e7\u00e3o do ensino superior, que podem ser conferidas nas plataformas como Spotify e Deezer. Ou\u00e7a nossos Podcasts:<\/p>\n","protected":false},"author":1,"featured_media":0,"parent":0,"menu_order":0,"comment_status":"closed","ping_status":"closed","template":"page-templates\/template-pagebuilder-full-width.php","meta":{"neve_meta_sidebar":"","neve_meta_container":"","neve_meta_enable_content_width":"","neve_meta_content_width":0,"neve_meta_title_alignment":"","neve_meta_author_avatar":"","neve_post_elements_order":"","neve_meta_disable_header":"","neve_meta_disable_footer":"","neve_meta_disable_title":"","footnotes":""},"class_list":["post-151","page","type-page","status-publish","hentry"],"_links":{"self":[{"href":"https:\/\/unidiversidadeuva.com.br\/index.php\/wp-json\/wp\/v2\/pages\/151"}],"collection":[{"href":"https:\/\/unidiversidadeuva.com.br\/index.php\/wp-json\/wp\/v2\/pages"}],"about":[{"href":"https:\/\/unidiversidadeuva.com.br\/index.php\/wp-json\/wp\/v2\/types\/page"}],"author":[{"embeddable":true,"href":"https:\/\/unidiversidadeuva.com.br\/index.php\/wp-json\/wp\/v2\/users\/1"}],"replies":[{"embeddable":true,"href":"https:\/\/unidiversidadeuva.com.br\/index.php\/wp-json\/wp\/v2\/comments?post=151"}],"version-history":[{"count":7,"href":"https:\/\/unidiversidadeuva.com.br\/index.php\/wp-json\/wp\/v2\/pages\/151\/revisions"}],"predecessor-version":[{"id":228,"href":"https:\/\/unidiversidadeuva.com.br\/index.php\/wp-json\/wp\/v2\/pages\/151\/revisions\/228"}],"wp:attachment":[{"href":"https:\/\/unidiversidadeuva.com.br\/index.php\/wp-json\/wp\/v2\/media?parent=151"}],"curies":[{"name":"wp","href":"https:\/\/api.w.org\/{rel}","templated":true}]}}