{"id":153,"date":"2022-04-01T18:00:43","date_gmt":"2022-04-01T21:00:43","guid":{"rendered":"http:\/\/unidiversidadeuva.com.br\/?page_id=153"},"modified":"2024-10-17T22:48:52","modified_gmt":"2024-10-18T01:48:52","slug":"experiencias-pedagogicas","status":"publish","type":"page","link":"https:\/\/unidiversidadeuva.com.br\/index.php\/experiencias-pedagogicas\/","title":{"rendered":"Experi\u00eancias Pedag\u00f3gicas"},"content":{"rendered":"\t\t<div data-elementor-type=\"wp-page\" data-elementor-id=\"153\" class=\"elementor elementor-153\" data-elementor-post-type=\"page\">\n\t\t\t\t\t\t<section class=\"elementor-section elementor-top-section elementor-element elementor-element-81d5d46 elementor-section-boxed elementor-section-height-default elementor-section-height-default wpr-particle-no wpr-jarallax-no wpr-parallax-no wpr-sticky-section-no\" data-id=\"81d5d46\" data-element_type=\"section\" data-e-type=\"section\">\n\t\t\t\t\t\t<div class=\"elementor-container elementor-column-gap-default\">\n\t\t\t\t\t<div class=\"elementor-column elementor-col-100 elementor-top-column elementor-element elementor-element-8b1f460\" data-id=\"8b1f460\" data-element_type=\"column\" data-e-type=\"column\">\n\t\t\t<div class=\"elementor-widget-wrap elementor-element-populated\">\n\t\t\t\t\t\t<div class=\"elementor-element elementor-element-7624b06 elementor-widget elementor-widget-heading\" data-id=\"7624b06\" data-element_type=\"widget\" data-e-type=\"widget\" data-widget_type=\"heading.default\">\n\t\t\t\t<div class=\"elementor-widget-container\">\n\t\t\t\t\t<h2 class=\"elementor-heading-title elementor-size-default\">Experi\u00eancias Pedag\u00f3gicas<\/h2>\t\t\t\t<\/div>\n\t\t\t\t<\/div>\n\t\t\t\t<section class=\"elementor-section elementor-inner-section elementor-element elementor-element-8e30423 elementor-section-boxed elementor-section-height-default elementor-section-height-default wpr-particle-no wpr-jarallax-no wpr-parallax-no wpr-sticky-section-no\" data-id=\"8e30423\" data-element_type=\"section\" data-e-type=\"section\">\n\t\t\t\t\t\t<div class=\"elementor-container elementor-column-gap-default\">\n\t\t\t\t\t<div class=\"elementor-column elementor-col-50 elementor-inner-column elementor-element elementor-element-916dc35\" data-id=\"916dc35\" data-element_type=\"column\" data-e-type=\"column\">\n\t\t\t<div class=\"elementor-widget-wrap elementor-element-populated\">\n\t\t\t\t\t\t<div class=\"elementor-element elementor-element-d42e699 elementor-widget elementor-widget-text-editor\" data-id=\"d42e699\" data-element_type=\"widget\" data-e-type=\"widget\" data-widget_type=\"text-editor.default\">\n\t\t\t\t<div class=\"elementor-widget-container\">\n\t\t\t\t\t\t\t\t\t<p>\u00c9 fato: toda experi\u00eancia de ensinar e aprender tem suas distin\u00e7\u00f5es&#8230; e o que acontece quando colocamos pedagogos de uma tradicional universidade cearense e pedagogos de uma das maiores etnias do Estado para trocarem figurinhas sobre suas experi\u00eancias, culturas, saberes e viv\u00eancias?<\/p><p>Pedagogias vai apresentar a import\u00e2ncia da interculturalidade para constru\u00e7\u00e3o de saberes pedag\u00f3gicos e forma\u00e7\u00e3o de professores a partir da experi\u00eancia de oficinas de letramento intercultural que ocorreram em 2023 no munic\u00edpio de Itarema-CE.<\/p>\t\t\t\t\t\t\t\t<\/div>\n\t\t\t\t<\/div>\n\t\t\t\t\t<\/div>\n\t\t<\/div>\n\t\t\t\t<div class=\"elementor-column elementor-col-50 elementor-inner-column elementor-element elementor-element-ae42372\" data-id=\"ae42372\" data-element_type=\"column\" data-e-type=\"column\">\n\t\t\t<div class=\"elementor-widget-wrap elementor-element-populated\">\n\t\t\t\t\t\t<div class=\"elementor-element elementor-element-b3594cc elementor-widget elementor-widget-image\" data-id=\"b3594cc\" data-element_type=\"widget\" data-e-type=\"widget\" data-widget_type=\"image.default\">\n\t\t\t\t<div class=\"elementor-widget-container\">\n\t\t\t\t\t\t\t\t\t\t\t\t\t\t\t<img fetchpriority=\"high\" decoding=\"async\" width=\"632\" height=\"579\" src=\"https:\/\/unidiversidadeuva.com.br\/wp-content\/uploads\/2024\/10\/Imagem1-1.png\" class=\"attachment-large size-large wp-image-334\" alt=\"\" srcset=\"https:\/\/unidiversidadeuva.com.br\/wp-content\/uploads\/2024\/10\/Imagem1-1.png 632w, https:\/\/unidiversidadeuva.com.br\/wp-content\/uploads\/2024\/10\/Imagem1-1-300x275.png 300w\" sizes=\"(max-width: 632px) 100vw, 632px\" \/>\t\t\t\t\t\t\t\t\t\t\t\t\t\t\t<\/div>\n\t\t\t\t<\/div>\n\t\t\t\t\t<\/div>\n\t\t<\/div>\n\t\t\t\t\t<\/div>\n\t\t<\/section>\n\t\t\t\t<div class=\"elementor-element elementor-element-1997ddc elementor-widget elementor-widget-text-editor\" data-id=\"1997ddc\" data-element_type=\"widget\" data-e-type=\"widget\" data-widget_type=\"text-editor.default\">\n\t\t\t\t<div class=\"elementor-widget-container\">\n\t\t\t\t\t\t\t\t\t<p>Este encontro uniu dois cursos de forma\u00e7\u00e3o de professores da Universidade Estadual Vale do Acara\u00fa &#8211; UVA: o curso de Pedagogia regular e o curso de Pedagogia Intercultural, que forma professores ind\u00edgenas junto ao povo Trememb\u00e9 dos munic\u00edpios de Acara\u00fa, Itarema e Itapipoca.\u00a0Os medos, alegrias, experi\u00eancias e resultados s\u00e3o apresentados aqui nos relatos de professores e estudantes que estiveram juntos nas atividades.<\/p>\t\t\t\t\t\t\t\t<\/div>\n\t\t\t\t<\/div>\n\t\t\t\t<div class=\"elementor-element elementor-element-2f331dd elementor-widget elementor-widget-video\" data-id=\"2f331dd\" data-element_type=\"widget\" data-e-type=\"widget\" data-settings=\"{&quot;youtube_url&quot;:&quot;https:\\\/\\\/www.youtube.com\\\/watch?v=ce7vMFFraoE&quot;,&quot;video_type&quot;:&quot;youtube&quot;,&quot;controls&quot;:&quot;yes&quot;}\" data-widget_type=\"video.default\">\n\t\t\t\t<div class=\"elementor-widget-container\">\n\t\t\t\t\t\t\t<div class=\"elementor-wrapper elementor-open-inline\">\n\t\t\t<div class=\"elementor-video\"><\/div>\t\t<\/div>\n\t\t\t\t\t\t<\/div>\n\t\t\t\t<\/div>\n\t\t\t\t\t<\/div>\n\t\t<\/div>\n\t\t\t\t\t<\/div>\n\t\t<\/section>\n\t\t\t\t<\/div>\n\t\t","protected":false},"excerpt":{"rendered":"<p>Experi\u00eancias Pedag\u00f3gicas \u00c9 fato: toda experi\u00eancia de ensinar e aprender tem suas distin\u00e7\u00f5es&#8230; e o que acontece quando colocamos pedagogos de uma tradicional universidade cearense e pedagogos de uma das maiores etnias do Estado para trocarem figurinhas sobre suas experi\u00eancias, culturas, saberes e viv\u00eancias? Pedagogias vai apresentar a import\u00e2ncia da interculturalidade para constru\u00e7\u00e3o de saberes pedag\u00f3gicos e forma\u00e7\u00e3o de professores a partir da experi\u00eancia de oficinas de letramento intercultural que ocorreram em 2023 no munic\u00edpio de Itarema-CE. Este encontro uniu dois cursos de forma\u00e7\u00e3o de professores da Universidade Estadual Vale do Acara\u00fa &#8211; UVA: o curso de Pedagogia regular e o curso de Pedagogia Intercultural, que forma professores ind\u00edgenas junto ao povo Trememb\u00e9 dos munic\u00edpios de Acara\u00fa, Itarema e Itapipoca.\u00a0Os medos, alegrias, experi\u00eancias e resultados s\u00e3o apresentados aqui nos relatos de professores e estudantes que estiveram juntos nas atividades. https:\/\/www.youtube.com\/watch?v=ce7vMFFraoE<\/p>\n","protected":false},"author":1,"featured_media":0,"parent":0,"menu_order":0,"comment_status":"closed","ping_status":"closed","template":"page-templates\/template-pagebuilder-full-width.php","meta":{"neve_meta_sidebar":"","neve_meta_container":"","neve_meta_enable_content_width":"","neve_meta_content_width":0,"neve_meta_title_alignment":"","neve_meta_author_avatar":"","neve_post_elements_order":"","neve_meta_disable_header":"","neve_meta_disable_footer":"","neve_meta_disable_title":"","footnotes":""},"class_list":["post-153","page","type-page","status-publish","hentry"],"_links":{"self":[{"href":"https:\/\/unidiversidadeuva.com.br\/index.php\/wp-json\/wp\/v2\/pages\/153"}],"collection":[{"href":"https:\/\/unidiversidadeuva.com.br\/index.php\/wp-json\/wp\/v2\/pages"}],"about":[{"href":"https:\/\/unidiversidadeuva.com.br\/index.php\/wp-json\/wp\/v2\/types\/page"}],"author":[{"embeddable":true,"href":"https:\/\/unidiversidadeuva.com.br\/index.php\/wp-json\/wp\/v2\/users\/1"}],"replies":[{"embeddable":true,"href":"https:\/\/unidiversidadeuva.com.br\/index.php\/wp-json\/wp\/v2\/comments?post=153"}],"version-history":[{"count":10,"href":"https:\/\/unidiversidadeuva.com.br\/index.php\/wp-json\/wp\/v2\/pages\/153\/revisions"}],"predecessor-version":[{"id":343,"href":"https:\/\/unidiversidadeuva.com.br\/index.php\/wp-json\/wp\/v2\/pages\/153\/revisions\/343"}],"wp:attachment":[{"href":"https:\/\/unidiversidadeuva.com.br\/index.php\/wp-json\/wp\/v2\/media?parent=153"}],"curies":[{"name":"wp","href":"https:\/\/api.w.org\/{rel}","templated":true}]}}