{"id":183,"date":"2023-09-26T18:31:11","date_gmt":"2023-09-26T21:31:11","guid":{"rendered":"http:\/\/unidiversidadeuva.com.br\/?page_id=183"},"modified":"2023-12-28T10:17:52","modified_gmt":"2023-12-28T13:17:52","slug":"coletivo-negros","status":"publish","type":"page","link":"https:\/\/unidiversidadeuva.com.br\/index.php\/coletivos\/coletivo-negros\/","title":{"rendered":"Coletivo Negros"},"content":{"rendered":"\t\t<div data-elementor-type=\"wp-page\" data-elementor-id=\"183\" class=\"elementor elementor-183\" data-elementor-post-type=\"page\">\n\t\t\t\t\t\t<section class=\"elementor-section elementor-top-section elementor-element elementor-element-7fd1087 elementor-section-boxed elementor-section-height-default elementor-section-height-default wpr-particle-no wpr-jarallax-no wpr-parallax-no wpr-sticky-section-no\" data-id=\"7fd1087\" data-element_type=\"section\" data-e-type=\"section\">\n\t\t\t\t\t\t<div class=\"elementor-container elementor-column-gap-wider\">\n\t\t\t\t\t<div class=\"elementor-column elementor-col-100 elementor-top-column elementor-element elementor-element-b398c69\" data-id=\"b398c69\" data-element_type=\"column\" data-e-type=\"column\">\n\t\t\t<div class=\"elementor-widget-wrap elementor-element-populated\">\n\t\t\t\t\t\t<div class=\"elementor-element elementor-element-9823645 elementor-widget elementor-widget-heading\" data-id=\"9823645\" data-element_type=\"widget\" data-e-type=\"widget\" data-widget_type=\"heading.default\">\n\t\t\t\t<div class=\"elementor-widget-container\">\n\t\t\t\t\t<h1 class=\"elementor-heading-title elementor-size-default\">Negros e Negras da UVA: <br>Por uma Universidade Antirracista <\/h1>\t\t\t\t<\/div>\n\t\t\t\t<\/div>\n\t\t\t\t\t<\/div>\n\t\t<\/div>\n\t\t\t\t\t<\/div>\n\t\t<\/section>\n\t\t\t\t<section class=\"elementor-section elementor-top-section elementor-element elementor-element-2deab78 elementor-section-boxed elementor-section-height-default elementor-section-height-default wpr-particle-no wpr-jarallax-no wpr-parallax-no wpr-sticky-section-no\" data-id=\"2deab78\" data-element_type=\"section\" data-e-type=\"section\">\n\t\t\t\t\t\t<div class=\"elementor-container elementor-column-gap-default\">\n\t\t\t\t\t<div class=\"elementor-column elementor-col-100 elementor-top-column elementor-element elementor-element-23eaab6\" data-id=\"23eaab6\" data-element_type=\"column\" data-e-type=\"column\">\n\t\t\t<div class=\"elementor-widget-wrap elementor-element-populated\">\n\t\t\t\t\t\t<div class=\"elementor-element elementor-element-86f474e animated-slow elementor-invisible elementor-widget elementor-widget-text-editor\" data-id=\"86f474e\" data-element_type=\"widget\" data-e-type=\"widget\" data-settings=\"{&quot;_animation&quot;:&quot;fadeIn&quot;}\" data-widget_type=\"text-editor.default\">\n\t\t\t\t<div class=\"elementor-widget-container\">\n\t\t\t\t\t\t\t\t\t<p>Na hist\u00f3ria das universidades brasileiras \u00e9 ineg\u00e1vel a constata\u00e7\u00e3o do baixo n\u00famero de estudantes e docentes negros no ensino superior. Como se constr\u00f3i um ensino superior includente e diverso com tantas diferen\u00e7as nas propor\u00e7\u00f5es de cor e ra\u00e7a entre os estudantes? &nbsp;Principalmente de estudantes negros, que historicamente foram exclu\u00eddos da participa\u00e7\u00e3o ativa dos processos sociais e pol\u00edticos do Pa\u00eds?<\/p>\t\t\t\t\t\t\t\t<\/div>\n\t\t\t\t<\/div>\n\t\t\t\t<div class=\"elementor-element elementor-element-4a2723c animated-slow elementor-invisible elementor-widget elementor-widget-image\" data-id=\"4a2723c\" data-element_type=\"widget\" data-e-type=\"widget\" data-settings=\"{&quot;_animation&quot;:&quot;fadeIn&quot;}\" data-widget_type=\"image.default\">\n\t\t\t\t<div class=\"elementor-widget-container\">\n\t\t\t\t\t\t\t\t\t\t\t\t<figure class=\"wp-caption\">\n\t\t\t\t\t\t\t\t\t\t<img fetchpriority=\"high\" decoding=\"async\" width=\"1024\" height=\"683\" src=\"https:\/\/unidiversidadeuva.com.br\/wp-content\/uploads\/2023\/09\/DSC00415-1024x683.jpg\" class=\"attachment-large size-large wp-image-188\" alt=\"Foto dos alunos organizadores do III encontro em 2021: \u00c9rika Pinto, Nildinha Coelho e Daniel Mendes.\" srcset=\"https:\/\/unidiversidadeuva.com.br\/wp-content\/uploads\/2023\/09\/DSC00415-1024x683.jpg 1024w, https:\/\/unidiversidadeuva.com.br\/wp-content\/uploads\/2023\/09\/DSC00415-300x200.jpg 300w, https:\/\/unidiversidadeuva.com.br\/wp-content\/uploads\/2023\/09\/DSC00415-768x512.jpg 768w, https:\/\/unidiversidadeuva.com.br\/wp-content\/uploads\/2023\/09\/DSC00415-1536x1024.jpg 1536w, https:\/\/unidiversidadeuva.com.br\/wp-content\/uploads\/2023\/09\/DSC00415-2048x1365.jpg 2048w, https:\/\/unidiversidadeuva.com.br\/wp-content\/uploads\/2023\/09\/DSC00415-930x620.jpg 930w\" sizes=\"(max-width: 1024px) 100vw, 1024px\" \/>\t\t\t\t\t\t\t\t\t\t\t<figcaption class=\"widget-image-caption wp-caption-text\">Alunos organizadores do III encontro em 2021: \u00c9rika Pinto, Nildinha Coelho e Daniel Mendes.<\/figcaption>\n\t\t\t\t\t\t\t\t\t\t<\/figure>\n\t\t\t\t\t\t\t\t\t<\/div>\n\t\t\t\t<\/div>\n\t\t\t\t<div class=\"elementor-element elementor-element-9759ebd animated-slow elementor-invisible elementor-widget elementor-widget-text-editor\" data-id=\"9759ebd\" data-element_type=\"widget\" data-e-type=\"widget\" data-settings=\"{&quot;_animation&quot;:&quot;fadeIn&quot;}\" data-widget_type=\"text-editor.default\">\n\t\t\t\t<div class=\"elementor-widget-container\">\n\t\t\t\t\t\t\t\t\t<p>Na busca por novas epistemologias e constru\u00e7\u00e3o de uma Universidade que d\u00ea o devido reconhecimento aos conhecimentos subalternizados, o coletivo Negros e Negras da Universidade Estadual Vale do Acara\u00fa &#8211; UVA em Sobral-CE publicizam sua luta por uma universidade antirracista a cada Encontro que organizam.<\/p>\n<p>Os encontros&nbsp; Negros e Negras da UVA s\u00e3o eventos de extens\u00e3o acad\u00eamico que vem sendo realizados desde 2018 (I encontro), 2019 (II encontro) e 2021 (III encontro), as duas primeiras edi\u00e7\u00f5es de forma presencial e a \u00faltima de forma h\u00edbrida devido a pandemia da COVID 19, a mesma impossibilitou o evento em 2020. Essa hist\u00f3ria esta sendo contada no Document\u00e1rio <em>Coletivo Negro da UVA: unidade em meio a diversidade <\/em>dispon\u00edvel no canal do Youtube <em>Unidiversidade UVA <\/em>e pode ser acessado no link <a href=\"https:\/\/youtu.be\/qC8iOFPZXvs\">https:\/\/youtu.be\/qC8iOFPZXvs<\/a><\/p>\t\t\t\t\t\t\t\t<\/div>\n\t\t\t\t<\/div>\n\t\t\t\t<div class=\"elementor-element elementor-element-e618cbf elementor-widget__width-initial elementor-widget elementor-widget-video\" data-id=\"e618cbf\" data-element_type=\"widget\" data-e-type=\"widget\" data-settings=\"{&quot;youtube_url&quot;:&quot;https:\\\/\\\/youtu.be\\\/qC8iOFPZXvs&quot;,&quot;video_type&quot;:&quot;youtube&quot;,&quot;controls&quot;:&quot;yes&quot;}\" data-widget_type=\"video.default\">\n\t\t\t\t<div class=\"elementor-widget-container\">\n\t\t\t\t\t\t\t<div class=\"elementor-wrapper elementor-open-inline\">\n\t\t\t<div class=\"elementor-video\"><\/div>\t\t<\/div>\n\t\t\t\t\t\t<\/div>\n\t\t\t\t<\/div>\n\t\t\t\t<div class=\"elementor-element elementor-element-58a5986 animated-slow elementor-invisible elementor-widget elementor-widget-text-editor\" data-id=\"58a5986\" data-element_type=\"widget\" data-e-type=\"widget\" data-settings=\"{&quot;_animation&quot;:&quot;fadeIn&quot;}\" data-widget_type=\"text-editor.default\">\n\t\t\t\t<div class=\"elementor-widget-container\">\n\t\t\t\t\t\t\t\t\t<p>O document\u00e1rio acompanhar\u00e1 o I Encontros de Negros e Negras da UVA: se fere nossa exist\u00eancia, seremos resist\u00eancia. Evento que ocorreu na Universidade Estadual Vale do Acara\u00fa (UVA), em Sobral-CE. A Universidade como espa\u00e7o plural e de conviv\u00eancia de m\u00faltiplos saberes, cumpre realmente o que se diz? Entre muitos relatos de organizadores, convidados e participantes do evento, ser\u00e1 questionado estas quest\u00f5es e levar\u00e1 o espectador as reflex\u00f5es sobre a receptividade de corpos, conhecimentos e viv\u00eancias negras dentro da Universidade.<\/p>\t\t\t\t\t\t\t\t<\/div>\n\t\t\t\t<\/div>\n\t\t\t\t\t<\/div>\n\t\t<\/div>\n\t\t\t\t\t<\/div>\n\t\t<\/section>\n\t\t\t\t<\/div>\n\t\t","protected":false},"excerpt":{"rendered":"<p>Negros e Negras da UVA: Por uma Universidade Antirracista Na hist\u00f3ria das universidades brasileiras \u00e9 ineg\u00e1vel a constata\u00e7\u00e3o do baixo n\u00famero de estudantes e docentes negros no ensino superior. Como se constr\u00f3i um ensino superior includente e diverso com tantas diferen\u00e7as nas propor\u00e7\u00f5es de cor e ra\u00e7a entre os estudantes? &nbsp;Principalmente de estudantes negros, que historicamente foram exclu\u00eddos da participa\u00e7\u00e3o ativa dos processos sociais e pol\u00edticos do Pa\u00eds? Alunos organizadores do III encontro em 2021: \u00c9rika Pinto, Nildinha Coelho e Daniel Mendes. Na busca por novas epistemologias e constru\u00e7\u00e3o de uma Universidade que d\u00ea o devido reconhecimento aos conhecimentos subalternizados, o coletivo Negros e Negras da Universidade Estadual Vale do Acara\u00fa &#8211; UVA em Sobral-CE publicizam sua luta por uma universidade antirracista a cada Encontro que organizam. Os encontros&nbsp; Negros e Negras da UVA s\u00e3o eventos de extens\u00e3o acad\u00eamico que vem sendo realizados desde 2018 (I encontro), 2019 (II encontro) e 2021 (III encontro), as duas primeiras edi\u00e7\u00f5es de forma presencial e a \u00faltima de forma h\u00edbrida devido a pandemia da COVID 19, a mesma impossibilitou o evento em 2020. Essa hist\u00f3ria esta sendo contada no Document\u00e1rio Coletivo Negro da UVA: unidade em meio a diversidade dispon\u00edvel no canal do Youtube Unidiversidade UVA e pode ser acessado no link https:\/\/youtu.be\/qC8iOFPZXvs https:\/\/youtu.be\/qC8iOFPZXvs O document\u00e1rio acompanhar\u00e1 o I Encontros de Negros e Negras da UVA: se fere nossa exist\u00eancia, seremos resist\u00eancia. Evento que ocorreu na Universidade Estadual Vale do Acara\u00fa (UVA), em Sobral-CE. A Universidade como espa\u00e7o plural e de conviv\u00eancia de m\u00faltiplos saberes, cumpre realmente o que se diz? Entre muitos relatos de organizadores, convidados e participantes do evento, ser\u00e1 questionado estas quest\u00f5es e levar\u00e1 o espectador as reflex\u00f5es sobre a receptividade de corpos, conhecimentos e viv\u00eancias negras dentro da Universidade.<\/p>\n","protected":false},"author":1,"featured_media":0,"parent":149,"menu_order":0,"comment_status":"closed","ping_status":"closed","template":"page-templates\/template-pagebuilder-full-width.php","meta":{"neve_meta_sidebar":"","neve_meta_container":"","neve_meta_enable_content_width":"","neve_meta_content_width":0,"neve_meta_title_alignment":"","neve_meta_author_avatar":"","neve_post_elements_order":"","neve_meta_disable_header":"","neve_meta_disable_footer":"","neve_meta_disable_title":"","footnotes":""},"class_list":["post-183","page","type-page","status-publish","hentry"],"_links":{"self":[{"href":"https:\/\/unidiversidadeuva.com.br\/index.php\/wp-json\/wp\/v2\/pages\/183"}],"collection":[{"href":"https:\/\/unidiversidadeuva.com.br\/index.php\/wp-json\/wp\/v2\/pages"}],"about":[{"href":"https:\/\/unidiversidadeuva.com.br\/index.php\/wp-json\/wp\/v2\/types\/page"}],"author":[{"embeddable":true,"href":"https:\/\/unidiversidadeuva.com.br\/index.php\/wp-json\/wp\/v2\/users\/1"}],"replies":[{"embeddable":true,"href":"https:\/\/unidiversidadeuva.com.br\/index.php\/wp-json\/wp\/v2\/comments?post=183"}],"version-history":[{"count":13,"href":"https:\/\/unidiversidadeuva.com.br\/index.php\/wp-json\/wp\/v2\/pages\/183\/revisions"}],"predecessor-version":[{"id":199,"href":"https:\/\/unidiversidadeuva.com.br\/index.php\/wp-json\/wp\/v2\/pages\/183\/revisions\/199"}],"up":[{"embeddable":true,"href":"https:\/\/unidiversidadeuva.com.br\/index.php\/wp-json\/wp\/v2\/pages\/149"}],"wp:attachment":[{"href":"https:\/\/unidiversidadeuva.com.br\/index.php\/wp-json\/wp\/v2\/media?parent=183"}],"curies":[{"name":"wp","href":"https:\/\/api.w.org\/{rel}","templated":true}]}}