{"id":202,"date":"2023-12-28T10:24:57","date_gmt":"2023-12-28T13:24:57","guid":{"rendered":"http:\/\/unidiversidadeuva.com.br\/?page_id=202"},"modified":"2024-10-17T22:52:15","modified_gmt":"2024-10-18T01:52:15","slug":"coletivo-indigena","status":"publish","type":"page","link":"https:\/\/unidiversidadeuva.com.br\/index.php\/coletivos\/coletivo-indigena\/","title":{"rendered":"Coletivo Ind\u00edgena"},"content":{"rendered":"\t\t<div data-elementor-type=\"wp-page\" data-elementor-id=\"202\" class=\"elementor elementor-202\" data-elementor-post-type=\"page\">\n\t\t\t\t\t\t<section class=\"elementor-section elementor-top-section elementor-element elementor-element-7fd1087 elementor-section-boxed elementor-section-height-default elementor-section-height-default wpr-particle-no wpr-jarallax-no wpr-parallax-no wpr-sticky-section-no\" data-id=\"7fd1087\" data-element_type=\"section\" data-e-type=\"section\">\n\t\t\t\t\t\t<div class=\"elementor-container elementor-column-gap-wider\">\n\t\t\t\t\t<div class=\"elementor-column elementor-col-100 elementor-top-column elementor-element elementor-element-b398c69\" data-id=\"b398c69\" data-element_type=\"column\" data-e-type=\"column\">\n\t\t\t<div class=\"elementor-widget-wrap elementor-element-populated\">\n\t\t\t\t\t\t<div class=\"elementor-element elementor-element-9823645 elementor-widget elementor-widget-heading\" data-id=\"9823645\" data-element_type=\"widget\" data-e-type=\"widget\" data-widget_type=\"heading.default\">\n\t\t\t\t<div class=\"elementor-widget-container\">\n\t\t\t\t\t<h1 class=\"elementor-heading-title elementor-size-default\">Trememb\u00e9 na UVA<br> (Aqui \u00e9 coletivo ind\u00edgena)<\/h1>\t\t\t\t<\/div>\n\t\t\t\t<\/div>\n\t\t\t\t\t<\/div>\n\t\t<\/div>\n\t\t\t\t\t<\/div>\n\t\t<\/section>\n\t\t\t\t<section class=\"elementor-section elementor-top-section elementor-element elementor-element-2deab78 elementor-section-boxed elementor-section-height-default elementor-section-height-default wpr-particle-no wpr-jarallax-no wpr-parallax-no wpr-sticky-section-no\" data-id=\"2deab78\" data-element_type=\"section\" data-e-type=\"section\">\n\t\t\t\t\t\t<div class=\"elementor-container elementor-column-gap-default\">\n\t\t\t\t\t<div class=\"elementor-column elementor-col-100 elementor-top-column elementor-element elementor-element-23eaab6\" data-id=\"23eaab6\" data-element_type=\"column\" data-e-type=\"column\">\n\t\t\t<div class=\"elementor-widget-wrap elementor-element-populated\">\n\t\t\t\t\t\t<div class=\"elementor-element elementor-element-86f474e animated-slow elementor-invisible elementor-widget elementor-widget-text-editor\" data-id=\"86f474e\" data-element_type=\"widget\" data-e-type=\"widget\" data-settings=\"{&quot;_animation&quot;:&quot;fadeIn&quot;}\" data-widget_type=\"text-editor.default\">\n\t\t\t\t<div class=\"elementor-widget-container\">\n\t\t\t\t\t\t\t\t\t<p>Na hist\u00f3ria das universidades brasileiras \u00e9 ineg\u00e1vel a constata\u00e7\u00e3o do baixo n\u00famero de estudantes e docentes negros no ensino superior. Como se constr\u00f3i um ensino superior includente e diverso com tantas diferen\u00e7as nas propor\u00e7\u00f5es de cor e ra\u00e7a entre os estudantes? \u00a0Principalmente de estudantes negros, que historicamente foram exclu\u00eddos da participa\u00e7\u00e3o ativa dos processos sociais e pol\u00edticos do Pa\u00eds?<span style=\"color: var( --e-global-color-text ); background-color: var(--nv-site-bg); letter-spacing: var(--bodyLetterSpacing); text-transform: var(--bodyTextTransform);\">Por uma educa\u00e7\u00e3o decolonial, democr\u00e1tica e includente, novas perspectivas e novas ideias devem entrar na universidade. N\u00e3o apenas o conhecimento formal deve ser remodelado em uma nova perspectiva, mas abrir espa\u00e7o para os saberes dos povos origin\u00e1rios. Os ind\u00edgenas est\u00e3o cada vez mais presentes no ambiente universit\u00e1rio. Por meio de lutas e resist\u00eancia, o ingresso e viv\u00eancia nas universidades convoca a ci\u00eancia a ouvir e dialogar com o conhecimento ancestral na constru\u00e7\u00e3o de uma nova epistemologia que atenda \u00e0s novas demandas da sociedade, abra espa\u00e7o para saberes que foram subalternizados por s\u00e9culos no ambiente universit\u00e1rio e que construa junto das comunidades tradicionais formas de \u201cbem viver\u201d. Em harmonia com seu modo de vida e suas tradi\u00e7\u00f5es.<\/span><\/p><p class=\"MsoNormal\">\u00a0<\/p>\t\t\t\t\t\t\t\t<\/div>\n\t\t\t\t<\/div>\n\t\t\t\t<div class=\"elementor-element elementor-element-4a2723c animated-slow elementor-invisible elementor-widget elementor-widget-image\" data-id=\"4a2723c\" data-element_type=\"widget\" data-e-type=\"widget\" data-settings=\"{&quot;_animation&quot;:&quot;fadeIn&quot;}\" data-widget_type=\"image.default\">\n\t\t\t\t<div class=\"elementor-widget-container\">\n\t\t\t\t\t\t\t\t\t\t\t\t<figure class=\"wp-caption\">\n\t\t\t\t\t\t\t\t\t\t<img fetchpriority=\"high\" decoding=\"async\" width=\"1024\" height=\"613\" src=\"https:\/\/unidiversidadeuva.com.br\/wp-content\/uploads\/2023\/12\/WhatsApp-Image-2023-12-28-at-10.39.06-1-1024x613.jpeg\" class=\"attachment-large size-large wp-image-204\" alt=\"\" srcset=\"https:\/\/unidiversidadeuva.com.br\/wp-content\/uploads\/2023\/12\/WhatsApp-Image-2023-12-28-at-10.39.06-1-1024x613.jpeg 1024w, https:\/\/unidiversidadeuva.com.br\/wp-content\/uploads\/2023\/12\/WhatsApp-Image-2023-12-28-at-10.39.06-1-300x180.jpeg 300w, https:\/\/unidiversidadeuva.com.br\/wp-content\/uploads\/2023\/12\/WhatsApp-Image-2023-12-28-at-10.39.06-1-768x460.jpeg 768w, https:\/\/unidiversidadeuva.com.br\/wp-content\/uploads\/2023\/12\/WhatsApp-Image-2023-12-28-at-10.39.06-1.jpeg 1079w\" sizes=\"(max-width: 1024px) 100vw, 1024px\" \/>\t\t\t\t\t\t\t\t\t\t\t<figcaption class=\"widget-image-caption wp-caption-text\"><\/figcaption>\n\t\t\t\t\t\t\t\t\t\t<\/figure>\n\t\t\t\t\t\t\t\t\t<\/div>\n\t\t\t\t<\/div>\n\t\t\t\t<div class=\"elementor-element elementor-element-9759ebd animated-slow elementor-invisible elementor-widget elementor-widget-text-editor\" data-id=\"9759ebd\" data-element_type=\"widget\" data-e-type=\"widget\" data-settings=\"{&quot;_animation&quot;:&quot;fadeIn&quot;}\" data-widget_type=\"text-editor.default\">\n\t\t\t\t<div class=\"elementor-widget-container\">\n\t\t\t\t\t\t\t\t\t<p>Aberta a esse prop\u00f3sito, a Universidade Estadual Vale do Acara\u00fa \u2013 UVA, junto do povo Trememb\u00e9, iniciou em 2015 a constru\u00e7\u00e3o do Curso de Pedagogia Intercultural Cuiamba, aprovado pelo Conselho de Ensino, Pesquisa e Extens\u00e3o em 2018 (Resolu\u00e7\u00e3o CEPE-UVA 35\/2018) e reconhecido pelo Conselho Estadual de Educa\u00e7\u00e3o do Ceara em 2023 (Parecer CEE 50\/23) . Uma importante ferramenta de forma\u00e7\u00e3o de professores ind\u00edgenas que atendam uma perspectiva educacional que respeite seus conhecimentos ancestrais e tradi\u00e7\u00f5es. Acesse o Link\u00a0 <a href=\"https:\/\/www.youtube.com\/watch?v=TrStmIyQSFI&amp;t=1125s\">https:\/\/www.youtube.com\/watch?v=TrStmIyQSFI&amp;t=1125s<\/a> e conhe\u00e7a um pouco dessa experiencia no document\u00e1rio <em>Curta Unidiversidade: Jornada Trememb\u00e9 na UVA.<\/em><\/p>\t\t\t\t\t\t\t\t<\/div>\n\t\t\t\t<\/div>\n\t\t\t\t<div class=\"elementor-element elementor-element-e618cbf elementor-widget__width-initial elementor-widget elementor-widget-video\" data-id=\"e618cbf\" data-element_type=\"widget\" data-e-type=\"widget\" data-settings=\"{&quot;youtube_url&quot;:&quot;https:\\\/\\\/www.youtube.com\\\/watch?v=TrStmIyQSFI&amp;t=1125s&quot;,&quot;video_type&quot;:&quot;youtube&quot;,&quot;controls&quot;:&quot;yes&quot;}\" data-widget_type=\"video.default\">\n\t\t\t\t<div class=\"elementor-widget-container\">\n\t\t\t\t\t\t\t<div class=\"elementor-wrapper elementor-open-inline\">\n\t\t\t<div class=\"elementor-video\"><\/div>\t\t<\/div>\n\t\t\t\t\t\t<\/div>\n\t\t\t\t<\/div>\n\t\t\t\t<div class=\"elementor-element elementor-element-58a5986 animated-slow elementor-invisible elementor-widget elementor-widget-text-editor\" data-id=\"58a5986\" data-element_type=\"widget\" data-e-type=\"widget\" data-settings=\"{&quot;_animation&quot;:&quot;fadeIn&quot;}\" data-widget_type=\"text-editor.default\">\n\t\t\t\t<div class=\"elementor-widget-container\">\n\t\t\t\t\t\t\t\t\t<p>Conhe\u00e7a mais sobre esse universo e esta forma de produzir conhecimento atrav\u00e9s dos document\u00e1rios produzidos por alunos Trememb\u00e9 do Curso Cuiamba\/UVA, professores de grupos de pesquisa da universidade e alunos extensionistas do curso de Pedagogia e pelo Programa de extens\u00e3o Unidiversidade no canal do Youtube <em>Unidiversidade UVA \u00a0<\/em>\u00a0link <a href=\"https:\/\/www.youtube.com\/@unidiversidadeuva4082\">https:\/\/www.youtube.com\/@unidiversidadeuva4082<\/a><\/p>\t\t\t\t\t\t\t\t<\/div>\n\t\t\t\t<\/div>\n\t\t\t\t\t<\/div>\n\t\t<\/div>\n\t\t\t\t\t<\/div>\n\t\t<\/section>\n\t\t\t\t<\/div>\n\t\t","protected":false},"excerpt":{"rendered":"<p>Trememb\u00e9 na UVA (Aqui \u00e9 coletivo ind\u00edgena) Na hist\u00f3ria das universidades brasileiras \u00e9 ineg\u00e1vel a constata\u00e7\u00e3o do baixo n\u00famero de estudantes e docentes negros no ensino superior. Como se constr\u00f3i um ensino superior includente e diverso com tantas diferen\u00e7as nas propor\u00e7\u00f5es de cor e ra\u00e7a entre os estudantes? \u00a0Principalmente de estudantes negros, que historicamente foram exclu\u00eddos da participa\u00e7\u00e3o ativa dos processos sociais e pol\u00edticos do Pa\u00eds?Por uma educa\u00e7\u00e3o decolonial, democr\u00e1tica e includente, novas perspectivas e novas ideias devem entrar na universidade. N\u00e3o apenas o conhecimento formal deve ser remodelado em uma nova perspectiva, mas abrir espa\u00e7o para os saberes dos povos origin\u00e1rios. Os ind\u00edgenas est\u00e3o cada vez mais presentes no ambiente universit\u00e1rio. Por meio de lutas e resist\u00eancia, o ingresso e viv\u00eancia nas universidades convoca a ci\u00eancia a ouvir e dialogar com o conhecimento ancestral na constru\u00e7\u00e3o de uma nova epistemologia que atenda \u00e0s novas demandas da sociedade, abra espa\u00e7o para saberes que foram subalternizados por s\u00e9culos no ambiente universit\u00e1rio e que construa junto das comunidades tradicionais formas de \u201cbem viver\u201d. Em harmonia com seu modo de vida e suas tradi\u00e7\u00f5es. \u00a0 Aberta a esse prop\u00f3sito, a Universidade Estadual Vale do Acara\u00fa \u2013 UVA, junto do povo Trememb\u00e9, iniciou em 2015 a constru\u00e7\u00e3o do Curso de Pedagogia Intercultural Cuiamba, aprovado pelo Conselho de Ensino, Pesquisa e Extens\u00e3o em 2018 (Resolu\u00e7\u00e3o CEPE-UVA 35\/2018) e reconhecido pelo Conselho Estadual de Educa\u00e7\u00e3o do Ceara em 2023 (Parecer CEE 50\/23) . Uma importante ferramenta de forma\u00e7\u00e3o de professores ind\u00edgenas que atendam uma perspectiva educacional que respeite seus conhecimentos ancestrais e tradi\u00e7\u00f5es. Acesse o Link\u00a0 https:\/\/www.youtube.com\/watch?v=TrStmIyQSFI&amp;t=1125s e conhe\u00e7a um pouco dessa experiencia no document\u00e1rio Curta Unidiversidade: Jornada Trememb\u00e9 na UVA. https:\/\/www.youtube.com\/watch?v=TrStmIyQSFI&#038;t=1125s Conhe\u00e7a mais sobre esse universo e esta forma de produzir conhecimento atrav\u00e9s dos document\u00e1rios produzidos por alunos Trememb\u00e9 do Curso Cuiamba\/UVA, professores de grupos de pesquisa da universidade e alunos extensionistas do curso de Pedagogia e pelo Programa de extens\u00e3o Unidiversidade no canal do Youtube Unidiversidade UVA \u00a0\u00a0link https:\/\/www.youtube.com\/@unidiversidadeuva4082<\/p>\n","protected":false},"author":1,"featured_media":0,"parent":149,"menu_order":0,"comment_status":"closed","ping_status":"closed","template":"page-templates\/template-pagebuilder-full-width.php","meta":{"neve_meta_sidebar":"","neve_meta_container":"","neve_meta_enable_content_width":"","neve_meta_content_width":0,"neve_meta_title_alignment":"","neve_meta_author_avatar":"","neve_post_elements_order":"","neve_meta_disable_header":"","neve_meta_disable_footer":"","neve_meta_disable_title":"","footnotes":""},"class_list":["post-202","page","type-page","status-publish","hentry"],"_links":{"self":[{"href":"https:\/\/unidiversidadeuva.com.br\/index.php\/wp-json\/wp\/v2\/pages\/202"}],"collection":[{"href":"https:\/\/unidiversidadeuva.com.br\/index.php\/wp-json\/wp\/v2\/pages"}],"about":[{"href":"https:\/\/unidiversidadeuva.com.br\/index.php\/wp-json\/wp\/v2\/types\/page"}],"author":[{"embeddable":true,"href":"https:\/\/unidiversidadeuva.com.br\/index.php\/wp-json\/wp\/v2\/users\/1"}],"replies":[{"embeddable":true,"href":"https:\/\/unidiversidadeuva.com.br\/index.php\/wp-json\/wp\/v2\/comments?post=202"}],"version-history":[{"count":8,"href":"https:\/\/unidiversidadeuva.com.br\/index.php\/wp-json\/wp\/v2\/pages\/202\/revisions"}],"predecessor-version":[{"id":349,"href":"https:\/\/unidiversidadeuva.com.br\/index.php\/wp-json\/wp\/v2\/pages\/202\/revisions\/349"}],"up":[{"embeddable":true,"href":"https:\/\/unidiversidadeuva.com.br\/index.php\/wp-json\/wp\/v2\/pages\/149"}],"wp:attachment":[{"href":"https:\/\/unidiversidadeuva.com.br\/index.php\/wp-json\/wp\/v2\/media?parent=202"}],"curies":[{"name":"wp","href":"https:\/\/api.w.org\/{rel}","templated":true}]}}