{"id":240,"date":"2024-10-13T16:57:39","date_gmt":"2024-10-13T19:57:39","guid":{"rendered":"http:\/\/unidiversidadeuva.com.br\/?page_id=240"},"modified":"2024-10-17T23:03:53","modified_gmt":"2024-10-18T02:03:53","slug":"elementor-240","status":"publish","type":"page","link":"https:\/\/unidiversidadeuva.com.br\/","title":{"rendered":"Elementor #240"},"content":{"rendered":"\t\t<div data-elementor-type=\"wp-page\" data-elementor-id=\"240\" class=\"elementor elementor-240\" data-elementor-post-type=\"page\">\n\t\t\t\t\t\t<section class=\"elementor-section elementor-top-section elementor-element elementor-element-c921daa elementor-section-boxed elementor-section-height-default elementor-section-height-default wpr-particle-no wpr-jarallax-no wpr-parallax-no wpr-sticky-section-no\" data-id=\"c921daa\" data-element_type=\"section\" data-e-type=\"section\">\n\t\t\t\t\t\t<div class=\"elementor-container elementor-column-gap-default\">\n\t\t\t\t\t<div class=\"elementor-column elementor-col-50 elementor-top-column elementor-element elementor-element-7836a05\" data-id=\"7836a05\" data-element_type=\"column\" data-e-type=\"column\">\n\t\t\t<div class=\"elementor-widget-wrap elementor-element-populated\">\n\t\t\t\t\t\t<div class=\"elementor-element elementor-element-2ba2a0d elementor-widget elementor-widget-heading\" data-id=\"2ba2a0d\" data-element_type=\"widget\" data-e-type=\"widget\" data-widget_type=\"heading.default\">\n\t\t\t\t<div class=\"elementor-widget-container\">\n\t\t\t\t\t<h2 class=\"elementor-heading-title elementor-size-default\">Memorial da UVA<\/h2>\t\t\t\t<\/div>\n\t\t\t\t<\/div>\n\t\t\t\t<div class=\"elementor-element elementor-element-aa87349 elementor-widget elementor-widget-heading\" data-id=\"aa87349\" data-element_type=\"widget\" data-e-type=\"widget\" data-widget_type=\"heading.default\">\n\t\t\t\t<div class=\"elementor-widget-container\">\n\t\t\t\t\t<h2 class=\"elementor-heading-title elementor-size-default\">Experi\u00eancias Museol\u00f3gicas<\/h2>\t\t\t\t<\/div>\n\t\t\t\t<\/div>\n\t\t\t\t<div class=\"elementor-element elementor-element-d005c9d elementor-widget elementor-widget-heading\" data-id=\"d005c9d\" data-element_type=\"widget\" data-e-type=\"widget\" data-widget_type=\"heading.default\">\n\t\t\t\t<div class=\"elementor-widget-container\">\n\t\t\t\t\t<h2 class=\"elementor-heading-title elementor-size-default\">Coletivos<\/h2>\t\t\t\t<\/div>\n\t\t\t\t<\/div>\n\t\t\t\t<div class=\"elementor-element elementor-element-0ac1921 elementor-widget elementor-widget-heading\" data-id=\"0ac1921\" data-element_type=\"widget\" data-e-type=\"widget\" data-widget_type=\"heading.default\">\n\t\t\t\t<div class=\"elementor-widget-container\">\n\t\t\t\t\t<h2 class=\"elementor-heading-title elementor-size-default\">Experi\u00eancias Pedag\u00f3gicas<\/h2>\t\t\t\t<\/div>\n\t\t\t\t<\/div>\n\t\t\t\t<div class=\"elementor-element elementor-element-cc166fc elementor-widget elementor-widget-heading\" data-id=\"cc166fc\" data-element_type=\"widget\" data-e-type=\"widget\" data-widget_type=\"heading.default\">\n\t\t\t\t<div class=\"elementor-widget-container\">\n\t\t\t\t\t<h2 class=\"elementor-heading-title elementor-size-default\">Conversidade<\/h2>\t\t\t\t<\/div>\n\t\t\t\t<\/div>\n\t\t\t\t\t<\/div>\n\t\t<\/div>\n\t\t\t\t<div class=\"elementor-column elementor-col-50 elementor-top-column elementor-element elementor-element-1efc1ef\" data-id=\"1efc1ef\" data-element_type=\"column\" data-e-type=\"column\">\n\t\t\t<div class=\"elementor-widget-wrap elementor-element-populated\">\n\t\t\t\t\t\t<div class=\"elementor-element elementor-element-d001811 elementor--h-position-center elementor--v-position-middle elementor-arrows-position-inside elementor-pagination-position-inside elementor-widget elementor-widget-slides\" data-id=\"d001811\" data-element_type=\"widget\" data-e-type=\"widget\" data-settings=\"{&quot;navigation&quot;:&quot;both&quot;,&quot;autoplay&quot;:&quot;yes&quot;,&quot;pause_on_hover&quot;:&quot;yes&quot;,&quot;pause_on_interaction&quot;:&quot;yes&quot;,&quot;autoplay_speed&quot;:5000,&quot;infinite&quot;:&quot;yes&quot;,&quot;transition&quot;:&quot;slide&quot;,&quot;transition_speed&quot;:500}\" data-widget_type=\"slides.default\">\n\t\t\t\t<div class=\"elementor-widget-container\">\n\t\t\t\t\t\t\t<div class=\"elementor-swiper\">\n\t\t\t<div class=\"elementor-slides-wrapper elementor-main-swiper swiper-container\" dir=\"ltr\" data-animation=\"fadeInUp\">\n\t\t\t\t<div class=\"swiper-wrapper elementor-slides\">\n\t\t\t\t\t\t\t\t\t\t<div class=\"elementor-repeater-item-f75ca45 swiper-slide\"><div class=\"swiper-slide-bg elementor-ken-burns elementor-ken-burns--in\" role=\"img\"><\/div><div class=\"elementor-background-overlay\"><\/div><a class=\"swiper-slide-inner\" href=\"https:\/\/unidiversidadeuva.com.br\/index.php\/coletivos\/coletivo-negros\/\"><div class=\"swiper-slide-contents\"><div class=\"elementor-slide-heading\">Coletivo Negros<\/div><div class=\"elementor-slide-description\">O coletivo Negro da UVA: Unidade em meio a diversidade<\/div><div  class=\"elementor-button elementor-slide-button elementor-size-sm\">Clique Aqui<\/div><\/div><\/a><\/div><div class=\"elementor-repeater-item-b98ec93 swiper-slide\"><div class=\"swiper-slide-bg elementor-ken-burns elementor-ken-burns--in\" role=\"img\"><\/div><div class=\"elementor-background-overlay\"><\/div><a class=\"swiper-slide-inner\" href=\"https:\/\/unidiversidadeuva.com.br\/index.php\/coletivos\/coletivo-lgbt\/\"><div class=\"swiper-slide-contents\"><div class=\"elementor-slide-heading\">Coletivo LGBTQIAPN+<\/div><div class=\"elementor-slide-description\">Estudantes da institui\u00e7\u00e3o compartilham conhecimentos e viv\u00eancias enquanto pessoas LGBTQIAPN+.<\/div><div  class=\"elementor-button elementor-slide-button elementor-size-sm\">Clique aqui<\/div><\/div><\/a><\/div><div class=\"elementor-repeater-item-00743e9 swiper-slide\"><div class=\"swiper-slide-bg elementor-ken-burns elementor-ken-burns--in\" role=\"img\"><\/div><div class=\"elementor-background-overlay\"><\/div><a class=\"swiper-slide-inner\" href=\"https:\/\/unidiversidadeuva.com.br\/index.php\/coletivos\/coletivo-indigena\/\"><div class=\"swiper-slide-contents\"><div class=\"elementor-slide-heading\">Coletivo Ind\u00edgena<\/div><div class=\"elementor-slide-description\">Trememb\u00e9 na UVA: Aqui \u00e9 coletivo indigena<\/div><div  class=\"elementor-button elementor-slide-button elementor-size-sm\">Clique aqui<\/div><\/div><\/a><\/div>\t\t\t\t<\/div>\n\t\t\t\t\t\t\t\t\t\t\t\t\t\t\t<div class=\"swiper-pagination\"><\/div>\n\t\t\t\t\t\t\t\t\t\t\t\t\t\t\t\t<div class=\"elementor-swiper-button elementor-swiper-button-prev\" role=\"button\" tabindex=\"0\">\n\t\t\t\t\t\t\t<i aria-hidden=\"true\" class=\"eicon-chevron-left\"><\/i>\t\t\t\t\t\t\t<span class=\"elementor-screen-only\">Previous slide<\/span>\n\t\t\t\t\t\t<\/div>\n\t\t\t\t\t\t<div class=\"elementor-swiper-button elementor-swiper-button-next\" role=\"button\" tabindex=\"0\">\n\t\t\t\t\t\t\t<i aria-hidden=\"true\" class=\"eicon-chevron-right\"><\/i>\t\t\t\t\t\t\t<span class=\"elementor-screen-only\">Next slide<\/span>\n\t\t\t\t\t\t<\/div>\n\t\t\t\t\t\t\t\t\t\t\t\t<\/div>\n\t\t<\/div>\n\t\t\t\t\t\t<\/div>\n\t\t\t\t<\/div>\n\t\t\t\t\t<\/div>\n\t\t<\/div>\n\t\t\t\t\t<\/div>\n\t\t<\/section>\n\t\t\t\t<section class=\"elementor-section elementor-top-section elementor-element elementor-element-2642e51 elementor-section-boxed elementor-section-height-default elementor-section-height-default wpr-particle-no wpr-jarallax-no wpr-parallax-no wpr-sticky-section-no\" data-id=\"2642e51\" data-element_type=\"section\" data-e-type=\"section\">\n\t\t\t\t\t\t<div class=\"elementor-container elementor-column-gap-default\">\n\t\t\t\t\t<div class=\"elementor-column elementor-col-100 elementor-top-column elementor-element elementor-element-2611de5\" data-id=\"2611de5\" data-element_type=\"column\" data-e-type=\"column\">\n\t\t\t<div class=\"elementor-widget-wrap elementor-element-populated\">\n\t\t\t\t\t\t<div class=\"elementor-element elementor-element-13ddb10 elementor-widget__width-inherit elementor-widget elementor-widget-heading\" data-id=\"13ddb10\" data-element_type=\"widget\" data-e-type=\"widget\" data-widget_type=\"heading.default\">\n\t\t\t\t<div class=\"elementor-widget-container\">\n\t\t\t\t\t<h2 class=\"elementor-heading-title elementor-size-default\">Unidiversidade<\/h2>\t\t\t\t<\/div>\n\t\t\t\t<\/div>\n\t\t\t\t<div class=\"elementor-element elementor-element-e7e0d74 elementor-widget__width-initial elementor-widget elementor-widget-text-editor\" data-id=\"e7e0d74\" data-element_type=\"widget\" data-e-type=\"widget\" data-widget_type=\"text-editor.default\">\n\t\t\t\t<div class=\"elementor-widget-container\">\n\t\t\t\t\t\t\t\t\t<div tabindex=\"0\" role=\"button\" aria-disabled=\"false\"><span class=\"_ap3a _aaco _aacu _aacx _aad7 _aade\" dir=\"auto\">Programa de Extens\u00e3o Universit\u00e1ria<br \/>Grupo de Estudos e Pesquisa sobre Pedagogia Universit\u00e1ria (GEPPU\/UVA)<\/span><\/div>\t\t\t\t\t\t\t\t<\/div>\n\t\t\t\t<\/div>\n\t\t\t\t<div class=\"elementor-element elementor-element-9912c14 elementor-widget elementor-widget-image\" data-id=\"9912c14\" data-element_type=\"widget\" data-e-type=\"widget\" data-widget_type=\"image.default\">\n\t\t\t\t<div class=\"elementor-widget-container\">\n\t\t\t\t\t\t\t\t\t\t\t\t\t\t\t<img fetchpriority=\"high\" decoding=\"async\" width=\"1024\" height=\"397\" src=\"https:\/\/unidiversidadeuva.com.br\/wp-content\/uploads\/2024\/10\/FOLHAS-PAGINA-1-1024x397.png\" class=\"attachment-large size-large wp-image-244\" alt=\"\" srcset=\"https:\/\/unidiversidadeuva.com.br\/wp-content\/uploads\/2024\/10\/FOLHAS-PAGINA-1-1024x397.png 1024w, https:\/\/unidiversidadeuva.com.br\/wp-content\/uploads\/2024\/10\/FOLHAS-PAGINA-1-300x116.png 300w, https:\/\/unidiversidadeuva.com.br\/wp-content\/uploads\/2024\/10\/FOLHAS-PAGINA-1-768x298.png 768w, https:\/\/unidiversidadeuva.com.br\/wp-content\/uploads\/2024\/10\/FOLHAS-PAGINA-1-1536x596.png 1536w, https:\/\/unidiversidadeuva.com.br\/wp-content\/uploads\/2024\/10\/FOLHAS-PAGINA-1-2048x795.png 2048w\" sizes=\"(max-width: 1024px) 100vw, 1024px\" \/>\t\t\t\t\t\t\t\t\t\t\t\t\t\t\t<\/div>\n\t\t\t\t<\/div>\n\t\t\t\t\t<\/div>\n\t\t<\/div>\n\t\t\t\t\t<\/div>\n\t\t<\/section>\n\t\t\t\t<section class=\"elementor-section elementor-top-section elementor-element elementor-element-93407a4 elementor-section-boxed elementor-section-height-default elementor-section-height-default wpr-particle-no wpr-jarallax-no wpr-parallax-no wpr-sticky-section-no\" data-id=\"93407a4\" data-element_type=\"section\" data-e-type=\"section\">\n\t\t\t\t\t\t<div class=\"elementor-container elementor-column-gap-default\">\n\t\t\t\t\t<div class=\"elementor-column elementor-col-100 elementor-top-column elementor-element elementor-element-545b5d4\" data-id=\"545b5d4\" data-element_type=\"column\" data-e-type=\"column\">\n\t\t\t<div class=\"elementor-widget-wrap\">\n\t\t\t\t\t\t\t<\/div>\n\t\t<\/div>\n\t\t\t\t\t<\/div>\n\t\t<\/section>\n\t\t\t\t<section class=\"elementor-section elementor-top-section elementor-element elementor-element-43327f0 elementor-section-boxed elementor-section-height-default elementor-section-height-default wpr-particle-no wpr-jarallax-no wpr-parallax-no wpr-sticky-section-no\" data-id=\"43327f0\" data-element_type=\"section\" data-e-type=\"section\">\n\t\t\t\t\t\t<div class=\"elementor-container elementor-column-gap-default\">\n\t\t\t\t\t<div class=\"elementor-column elementor-col-100 elementor-top-column elementor-element elementor-element-dfc437c\" data-id=\"dfc437c\" data-element_type=\"column\" data-e-type=\"column\">\n\t\t\t<div class=\"elementor-widget-wrap elementor-element-populated\">\n\t\t\t\t\t\t<div class=\"elementor-element elementor-element-8b96ed3 wpr-image-accordion-row wpr-image-accordion-interaction-hover wpr-acc-border-outer elementor-widget elementor-widget-wpr-image-accordion\" data-id=\"8b96ed3\" data-element_type=\"widget\" data-e-type=\"widget\" data-widget_type=\"wpr-image-accordion.default\">\n\t\t\t\t<div class=\"elementor-widget-container\">\n\t\t\t\t\t\n\t\t<div class=\"wpr-image-accordion-wrap \">\n\n\t\t\t\t\t\t\t<div class=\"wpr-image-accordion\">\n\t\t\t\n\t\t\t\n\t\t\t\t<div data-src=https:\/\/unidiversidadeuva.com.br\/wp-content\/uploads\/2024\/10\/COLETIVO-LGBTQIAP.png   class=\"wpr-image-accordion-item elementor-repeater-item-536df02 wpr-blur-in wpr-effect-size-medium\">\n\n\t\t\t\t<div class=\"wpr-accordion-background\" style=\"background-image: url(https:\/\/unidiversidadeuva.com.br\/wp-content\/uploads\/2024\/10\/COLETIVO-LGBTQIAP.png);\"><\/div>\n\t\t\t\t\t\t\t\n\t\t\t\t\t\t\t<div class=\"wpr-img-accordion-media-hover wpr-animation-wrap\" data-settings=\"{&quot;activeItem&quot;:{&quot;activeWidth&quot;:4,&quot;defaultActive&quot;:0,&quot;interaction&quot;:&quot;hover&quot;,&quot;overlayLink&quot;:&quot;&quot;,&quot;overlayLinkTarget&quot;:&quot;_self&quot;}}\" data-src=\"https:\/\/unidiversidadeuva.com.br\/wp-content\/uploads\/2024\/10\/COLETIVO-LGBTQIAP.png\"><div class=\"wpr-img-accordion-hover-bg  wpr-overlay-fade-in wpr-anim-size-large wpr-anim-timing-ease-default wpr-anim-transparency\"><\/div><div class=\"wpr-cv-container\"><div class=\"wpr-cv-outer\"><div class=\"wpr-cv-inner\"><div class=\"wpr-img-accordion-media-hover-middle elementor-clearfix\"><h2 class=\"wpr-img-accordion-item-title elementor-repeater-item-af2d0a6 wpr-img-accordion-item-display-block wpr-img-accordion-item-align-center wpr-element-fade-in wpr-anim-size-large wpr-anim-timing-ease-default wpr-anim-transparency\"><div class=\"inner-block\"><a class=\"wpr-pointer-item\">Coletivos LGTBQIAPN+<\/a><\/div><\/h2><div class=\"wpr-img-accordion-item-separator elementor-repeater-item-3da5192 wpr-img-accordion-item-display-block wpr-img-accordion-item-align-center wpr-element-fade-in wpr-anim-size-large wpr-anim-timing-ease-default wpr-anim-transparency wpr-img-accordion-sep-style-2\"><div class=\"inner-block\"><span><\/span><\/div><\/div><\/div><\/div><\/div><\/div><\/div>\t\t\t\t<\/div>\n\n\t\t\t\n\t\t\t\t<div data-src=https:\/\/unidiversidadeuva.com.br\/wp-content\/uploads\/2024\/10\/COLETIVO-INDIGENA.png   class=\"wpr-image-accordion-item elementor-repeater-item-8ec47ea wpr-blur-in wpr-effect-size-medium\">\n\n\t\t\t\t<div class=\"wpr-accordion-background\" style=\"background-image: url(https:\/\/unidiversidadeuva.com.br\/wp-content\/uploads\/2024\/10\/COLETIVO-INDIGENA.png);\"><\/div>\n\t\t\t\t\t\t\t\n\t\t\t\t\t\t\t<div class=\"wpr-img-accordion-media-hover wpr-animation-wrap\" data-settings=\"{&quot;activeItem&quot;:{&quot;activeWidth&quot;:4,&quot;defaultActive&quot;:0,&quot;interaction&quot;:&quot;hover&quot;,&quot;overlayLink&quot;:&quot;&quot;,&quot;overlayLinkTarget&quot;:&quot;_self&quot;}}\" data-src=\"https:\/\/unidiversidadeuva.com.br\/wp-content\/uploads\/2024\/10\/COLETIVO-INDIGENA.png\"><div class=\"wpr-img-accordion-hover-bg  wpr-overlay-fade-in wpr-anim-size-large wpr-anim-timing-ease-default wpr-anim-transparency\"><\/div><div class=\"wpr-cv-container\"><div class=\"wpr-cv-outer\"><div class=\"wpr-cv-inner\"><div class=\"wpr-img-accordion-media-hover-middle elementor-clearfix\"><h2 class=\"wpr-img-accordion-item-title elementor-repeater-item-af2d0a6 wpr-img-accordion-item-display-block wpr-img-accordion-item-align-center wpr-element-fade-in wpr-anim-size-large wpr-anim-timing-ease-default wpr-anim-transparency\"><div class=\"inner-block\"><a class=\"wpr-pointer-item\">Coletivo Ind\u00edgena<\/a><\/div><\/h2><div class=\"wpr-img-accordion-item-separator elementor-repeater-item-3da5192 wpr-img-accordion-item-display-block wpr-img-accordion-item-align-center wpr-element-fade-in wpr-anim-size-large wpr-anim-timing-ease-default wpr-anim-transparency wpr-img-accordion-sep-style-2\"><div class=\"inner-block\"><span><\/span><\/div><\/div><\/div><\/div><\/div><\/div><\/div>\t\t\t\t<\/div>\n\n\t\t\t\n\t\t\t\t<div data-src=https:\/\/unidiversidadeuva.com.br\/wp-content\/uploads\/2024\/10\/PAGINA-1-COLETIVOS.png   class=\"wpr-image-accordion-item elementor-repeater-item-9d2d077 wpr-blur-in wpr-effect-size-medium\">\n\n\t\t\t\t<div class=\"wpr-accordion-background\" style=\"background-image: url(https:\/\/unidiversidadeuva.com.br\/wp-content\/uploads\/2024\/10\/PAGINA-1-COLETIVOS.png);\"><\/div>\n\t\t\t\t\t\t\t\n\t\t\t\t\t\t\t<div class=\"wpr-img-accordion-media-hover wpr-animation-wrap\" data-settings=\"{&quot;activeItem&quot;:{&quot;activeWidth&quot;:4,&quot;defaultActive&quot;:0,&quot;interaction&quot;:&quot;hover&quot;,&quot;overlayLink&quot;:&quot;&quot;,&quot;overlayLinkTarget&quot;:&quot;_self&quot;}}\" data-src=\"https:\/\/unidiversidadeuva.com.br\/wp-content\/uploads\/2024\/10\/PAGINA-1-COLETIVOS.png\"><div class=\"wpr-img-accordion-hover-bg  wpr-overlay-fade-in wpr-anim-size-large wpr-anim-timing-ease-default wpr-anim-transparency\"><\/div><div class=\"wpr-cv-container\"><div class=\"wpr-cv-outer\"><div class=\"wpr-cv-inner\"><div class=\"wpr-img-accordion-media-hover-middle elementor-clearfix\"><h2 class=\"wpr-img-accordion-item-title elementor-repeater-item-af2d0a6 wpr-img-accordion-item-display-block wpr-img-accordion-item-align-center wpr-element-fade-in wpr-anim-size-large wpr-anim-timing-ease-default wpr-anim-transparency\"><div class=\"inner-block\"><a class=\"wpr-pointer-item\">Coletivos Negros e Negras<\/a><\/div><\/h2><div class=\"wpr-img-accordion-item-separator elementor-repeater-item-3da5192 wpr-img-accordion-item-display-block wpr-img-accordion-item-align-center wpr-element-fade-in wpr-anim-size-large wpr-anim-timing-ease-default wpr-anim-transparency wpr-img-accordion-sep-style-2\"><div class=\"inner-block\"><span><\/span><\/div><\/div><\/div><\/div><\/div><\/div><\/div>\t\t\t\t<\/div>\n\n\t\t\t            \n\t\t\t<\/div>\n\t\t<\/div>\n\n\t\t\t\t\t\t<\/div>\n\t\t\t\t<\/div>\n\t\t\t\t\t<\/div>\n\t\t<\/div>\n\t\t\t\t\t<\/div>\n\t\t<\/section>\n\t\t\t\t<section class=\"elementor-section elementor-top-section elementor-element elementor-element-c275ab2 elementor-section-boxed elementor-section-height-default elementor-section-height-default wpr-particle-no wpr-jarallax-no wpr-parallax-no wpr-sticky-section-no\" data-id=\"c275ab2\" data-element_type=\"section\" data-e-type=\"section\">\n\t\t\t\t\t\t<div class=\"elementor-container elementor-column-gap-default\">\n\t\t\t\t\t<div class=\"elementor-column elementor-col-100 elementor-top-column elementor-element elementor-element-2a700f0\" data-id=\"2a700f0\" data-element_type=\"column\" data-e-type=\"column\">\n\t\t\t<div class=\"elementor-widget-wrap elementor-element-populated\">\n\t\t\t\t\t\t<div class=\"elementor-element elementor-element-4583dae elementor-widget elementor-widget-heading\" data-id=\"4583dae\" data-element_type=\"widget\" data-e-type=\"widget\" data-widget_type=\"heading.default\">\n\t\t\t\t<div class=\"elementor-widget-container\">\n\t\t\t\t\t<h2 class=\"elementor-heading-title elementor-size-default\">Grupos de Estudo<\/h2>\t\t\t\t<\/div>\n\t\t\t\t<\/div>\n\t\t\t\t<div class=\"elementor-element elementor-element-07d321d elementor-widget elementor-widget-image-gallery\" data-id=\"07d321d\" data-element_type=\"widget\" data-e-type=\"widget\" data-widget_type=\"image-gallery.default\">\n\t\t\t\t<div class=\"elementor-widget-container\">\n\t\t\t\t\t\t\t<div class=\"elementor-image-gallery\">\n\t\t\t<div id='gallery-1' class='gallery galleryid-240 gallery-columns-4 gallery-size-thumbnail'><figure class='gallery-item'>\n\t\t\t<div class='gallery-icon landscape'>\n\t\t\t\t<a data-elementor-open-lightbox=\"no\" href='https:\/\/unidiversidadeuva.com.br\/wp-content\/uploads\/2024\/10\/01-1.png'><img decoding=\"async\" width=\"150\" height=\"150\" src=\"https:\/\/unidiversidadeuva.com.br\/wp-content\/uploads\/2024\/10\/01-1-150x150.png\" class=\"attachment-thumbnail size-thumbnail\" alt=\"\" srcset=\"https:\/\/unidiversidadeuva.com.br\/wp-content\/uploads\/2024\/10\/01-1-150x150.png 150w, https:\/\/unidiversidadeuva.com.br\/wp-content\/uploads\/2024\/10\/01-1-300x300.png 300w, https:\/\/unidiversidadeuva.com.br\/wp-content\/uploads\/2024\/10\/01-1-1024x1024.png 1024w, https:\/\/unidiversidadeuva.com.br\/wp-content\/uploads\/2024\/10\/01-1-768x768.png 768w, https:\/\/unidiversidadeuva.com.br\/wp-content\/uploads\/2024\/10\/01-1-1536x1536.png 1536w, https:\/\/unidiversidadeuva.com.br\/wp-content\/uploads\/2024\/10\/01-1.png 2000w\" sizes=\"(max-width: 150px) 100vw, 150px\" \/><\/a>\n\t\t\t<\/div><\/figure><figure class='gallery-item'>\n\t\t\t<div class='gallery-icon landscape'>\n\t\t\t\t<a data-elementor-open-lightbox=\"no\" href='https:\/\/unidiversidadeuva.com.br\/wp-content\/uploads\/2024\/10\/01-2.png'><img decoding=\"async\" width=\"150\" height=\"150\" src=\"https:\/\/unidiversidadeuva.com.br\/wp-content\/uploads\/2024\/10\/01-2-150x150.png\" class=\"attachment-thumbnail size-thumbnail\" alt=\"\" srcset=\"https:\/\/unidiversidadeuva.com.br\/wp-content\/uploads\/2024\/10\/01-2-150x150.png 150w, https:\/\/unidiversidadeuva.com.br\/wp-content\/uploads\/2024\/10\/01-2-300x300.png 300w, https:\/\/unidiversidadeuva.com.br\/wp-content\/uploads\/2024\/10\/01-2-1024x1024.png 1024w, https:\/\/unidiversidadeuva.com.br\/wp-content\/uploads\/2024\/10\/01-2-768x768.png 768w, https:\/\/unidiversidadeuva.com.br\/wp-content\/uploads\/2024\/10\/01-2-1536x1536.png 1536w, https:\/\/unidiversidadeuva.com.br\/wp-content\/uploads\/2024\/10\/01-2.png 2000w\" sizes=\"(max-width: 150px) 100vw, 150px\" \/><\/a>\n\t\t\t<\/div><\/figure><figure class='gallery-item'>\n\t\t\t<div class='gallery-icon landscape'>\n\t\t\t\t<a data-elementor-open-lightbox=\"no\" href='https:\/\/unidiversidadeuva.com.br\/wp-content\/uploads\/2024\/10\/01-3.png'><img loading=\"lazy\" decoding=\"async\" width=\"150\" height=\"150\" src=\"https:\/\/unidiversidadeuva.com.br\/wp-content\/uploads\/2024\/10\/01-3-150x150.png\" class=\"attachment-thumbnail size-thumbnail\" alt=\"\" srcset=\"https:\/\/unidiversidadeuva.com.br\/wp-content\/uploads\/2024\/10\/01-3-150x150.png 150w, https:\/\/unidiversidadeuva.com.br\/wp-content\/uploads\/2024\/10\/01-3-300x300.png 300w, https:\/\/unidiversidadeuva.com.br\/wp-content\/uploads\/2024\/10\/01-3-1024x1024.png 1024w, https:\/\/unidiversidadeuva.com.br\/wp-content\/uploads\/2024\/10\/01-3-768x768.png 768w, https:\/\/unidiversidadeuva.com.br\/wp-content\/uploads\/2024\/10\/01-3-1536x1536.png 1536w, https:\/\/unidiversidadeuva.com.br\/wp-content\/uploads\/2024\/10\/01-3.png 2000w\" sizes=\"(max-width: 150px) 100vw, 150px\" \/><\/a>\n\t\t\t<\/div><\/figure><figure class='gallery-item'>\n\t\t\t<div class='gallery-icon landscape'>\n\t\t\t\t<a data-elementor-open-lightbox=\"no\" href='https:\/\/unidiversidadeuva.com.br\/wp-content\/uploads\/2024\/10\/2.png'><img loading=\"lazy\" decoding=\"async\" width=\"150\" height=\"150\" src=\"https:\/\/unidiversidadeuva.com.br\/wp-content\/uploads\/2024\/10\/2-150x150.png\" class=\"attachment-thumbnail size-thumbnail\" alt=\"\" srcset=\"https:\/\/unidiversidadeuva.com.br\/wp-content\/uploads\/2024\/10\/2-150x150.png 150w, https:\/\/unidiversidadeuva.com.br\/wp-content\/uploads\/2024\/10\/2-300x300.png 300w, https:\/\/unidiversidadeuva.com.br\/wp-content\/uploads\/2024\/10\/2-1024x1024.png 1024w, https:\/\/unidiversidadeuva.com.br\/wp-content\/uploads\/2024\/10\/2-768x768.png 768w, https:\/\/unidiversidadeuva.com.br\/wp-content\/uploads\/2024\/10\/2-1536x1536.png 1536w, https:\/\/unidiversidadeuva.com.br\/wp-content\/uploads\/2024\/10\/2.png 2000w\" sizes=\"(max-width: 150px) 100vw, 150px\" \/><\/a>\n\t\t\t<\/div><\/figure>\n\t\t<\/div>\n\t\t<\/div>\n\t\t\t\t\t\t<\/div>\n\t\t\t\t<\/div>\n\t\t\t\t\t<\/div>\n\t\t<\/div>\n\t\t\t\t\t<\/div>\n\t\t<\/section>\n\t\t\t\t<\/div>\n\t\t","protected":false},"excerpt":{"rendered":"<p>Memorial da UVA Experi\u00eancias Museol\u00f3gicas Coletivos Experi\u00eancias Pedag\u00f3gicas Conversidade Coletivo NegrosO coletivo Negro da UVA: Unidade em meio a diversidadeClique AquiColetivo LGBTQIAPN+Estudantes da institui\u00e7\u00e3o compartilham conhecimentos e viv\u00eancias enquanto pessoas LGBTQIAPN+.Clique aquiColetivo Ind\u00edgenaTrememb\u00e9 na UVA: Aqui \u00e9 coletivo indigenaClique aqui Previous slide Next slide Unidiversidade Programa de Extens\u00e3o Universit\u00e1riaGrupo de Estudos e Pesquisa sobre Pedagogia Universit\u00e1ria (GEPPU\/UVA) Coletivos LGTBQIAPN+ Coletivo Ind\u00edgena Coletivos Negros e Negras Grupos de Estudo<\/p>\n","protected":false},"author":1,"featured_media":0,"parent":0,"menu_order":0,"comment_status":"closed","ping_status":"closed","template":"page-templates\/template-pagebuilder-full-width.php","meta":{"neve_meta_sidebar":"","neve_meta_container":"","neve_meta_enable_content_width":"","neve_meta_content_width":0,"neve_meta_title_alignment":"","neve_meta_author_avatar":"","neve_post_elements_order":"","neve_meta_disable_header":"","neve_meta_disable_footer":"","neve_meta_disable_title":"","footnotes":""},"class_list":["post-240","page","type-page","status-publish","hentry"],"_links":{"self":[{"href":"https:\/\/unidiversidadeuva.com.br\/index.php\/wp-json\/wp\/v2\/pages\/240"}],"collection":[{"href":"https:\/\/unidiversidadeuva.com.br\/index.php\/wp-json\/wp\/v2\/pages"}],"about":[{"href":"https:\/\/unidiversidadeuva.com.br\/index.php\/wp-json\/wp\/v2\/types\/page"}],"author":[{"embeddable":true,"href":"https:\/\/unidiversidadeuva.com.br\/index.php\/wp-json\/wp\/v2\/users\/1"}],"replies":[{"embeddable":true,"href":"https:\/\/unidiversidadeuva.com.br\/index.php\/wp-json\/wp\/v2\/comments?post=240"}],"version-history":[{"count":25,"href":"https:\/\/unidiversidadeuva.com.br\/index.php\/wp-json\/wp\/v2\/pages\/240\/revisions"}],"predecessor-version":[{"id":356,"href":"https:\/\/unidiversidadeuva.com.br\/index.php\/wp-json\/wp\/v2\/pages\/240\/revisions\/356"}],"wp:attachment":[{"href":"https:\/\/unidiversidadeuva.com.br\/index.php\/wp-json\/wp\/v2\/media?parent=240"}],"curies":[{"name":"wp","href":"https:\/\/api.w.org\/{rel}","templated":true}]}}