{"id":327,"date":"2024-10-17T22:29:05","date_gmt":"2024-10-18T01:29:05","guid":{"rendered":"http:\/\/unidiversidadeuva.com.br\/?page_id=327"},"modified":"2024-10-17T22:51:43","modified_gmt":"2024-10-18T01:51:43","slug":"a-unidiversidade","status":"publish","type":"page","link":"https:\/\/unidiversidadeuva.com.br\/index.php\/a-unidiversidade\/","title":{"rendered":"A Unidiversidade"},"content":{"rendered":"\t\t<div data-elementor-type=\"wp-page\" data-elementor-id=\"327\" class=\"elementor elementor-327\" data-elementor-post-type=\"page\">\n\t\t\t\t\t\t<section class=\"elementor-section elementor-top-section elementor-element elementor-element-e18299d elementor-section-boxed elementor-section-height-default elementor-section-height-default wpr-particle-no wpr-jarallax-no wpr-parallax-no wpr-sticky-section-no\" data-id=\"e18299d\" data-element_type=\"section\" data-e-type=\"section\">\n\t\t\t\t\t\t<div class=\"elementor-container elementor-column-gap-default\">\n\t\t\t\t\t<div class=\"elementor-column elementor-col-100 elementor-top-column elementor-element elementor-element-48b9fae\" data-id=\"48b9fae\" data-element_type=\"column\" data-e-type=\"column\">\n\t\t\t<div class=\"elementor-widget-wrap elementor-element-populated\">\n\t\t\t\t\t\t<div class=\"elementor-element elementor-element-33e5a87 elementor-widget elementor-widget-heading\" data-id=\"33e5a87\" data-element_type=\"widget\" data-e-type=\"widget\" data-widget_type=\"heading.default\">\n\t\t\t\t<div class=\"elementor-widget-container\">\n\t\t\t\t\t<h2 class=\"elementor-heading-title elementor-size-default\">Unidiversidade<\/h2>\t\t\t\t<\/div>\n\t\t\t\t<\/div>\n\t\t\t\t<section class=\"elementor-section elementor-inner-section elementor-element elementor-element-e5c47d8 elementor-section-boxed elementor-section-height-default elementor-section-height-default wpr-particle-no wpr-jarallax-no wpr-parallax-no wpr-sticky-section-no\" data-id=\"e5c47d8\" data-element_type=\"section\" data-e-type=\"section\">\n\t\t\t\t\t\t<div class=\"elementor-container elementor-column-gap-default\">\n\t\t\t\t\t<div class=\"elementor-column elementor-col-50 elementor-inner-column elementor-element elementor-element-ec774d1\" data-id=\"ec774d1\" data-element_type=\"column\" data-e-type=\"column\">\n\t\t\t<div class=\"elementor-widget-wrap elementor-element-populated\">\n\t\t\t\t\t\t<div class=\"elementor-element elementor-element-4b20a87 elementor-widget elementor-widget-text-editor\" data-id=\"4b20a87\" data-element_type=\"widget\" data-e-type=\"widget\" data-widget_type=\"text-editor.default\">\n\t\t\t\t<div class=\"elementor-widget-container\">\n\t\t\t\t\t\t\t\t\t<p>A Unidiversidade \u00e9 um projeto dedicado \u00e0 promo\u00e7\u00e3o da inclus\u00e3o, diversidade e valoriza\u00e7\u00e3o de experi\u00eancias culturais e pedag\u00f3gicas da Universidade Estadual do Vale do Acara\u00fa.\u00a0<span style=\"color: var( --e-global-color-text ); background-color: var(--nv-site-bg); letter-spacing: var(--bodyletterspacing); text-transform: var(--bodytexttransform);\">Em parceria com coletivos negros, LGBTQIAPN+ e ind\u00edgenas, buscamos dar voz \u00e0s narrativas e viv\u00eancias dessas comunidades, promovendo a troca de saberes e o reconhecimento de suas hist\u00f3rias.<\/span><\/p><p>Al\u00e9m disso, o projeto tamb\u00e9m se dedica \u00e0 cria\u00e7\u00e3o e compartilhamento de relatos de experi\u00eancias museol\u00f3gicas e pedag\u00f3gicas, que refor\u00e7am a import\u00e2ncia da preserva\u00e7\u00e3o cultural e da educa\u00e7\u00e3o inclusiva.\u00a0Aqui, voc\u00ea encontrar\u00e1 not\u00edcias, eventos e a\u00e7\u00f5es desenvolvidas pelas nossas equipes e parceiros, fortalecendo nossa miss\u00e3o de construir uma sociedade mais justa e plural.<span style=\"color: var( --e-global-color-text ); background-color: var(--nv-site-bg); letter-spacing: var(--bodyletterspacing); text-transform: var(--bodytexttransform);\"><br \/><\/span><\/p><p>\u00a0<\/p>\t\t\t\t\t\t\t\t<\/div>\n\t\t\t\t<\/div>\n\t\t\t\t\t<\/div>\n\t\t<\/div>\n\t\t\t\t<div class=\"elementor-column elementor-col-50 elementor-inner-column elementor-element elementor-element-7dc0c18\" data-id=\"7dc0c18\" data-element_type=\"column\" data-e-type=\"column\">\n\t\t\t<div class=\"elementor-widget-wrap elementor-element-populated\">\n\t\t\t\t\t\t<div class=\"elementor-element elementor-element-737beaf elementor-widget elementor-widget-image\" data-id=\"737beaf\" data-element_type=\"widget\" data-e-type=\"widget\" data-widget_type=\"image.default\">\n\t\t\t\t<div class=\"elementor-widget-container\">\n\t\t\t\t\t\t\t\t\t\t\t\t\t\t\t<img fetchpriority=\"high\" decoding=\"async\" width=\"794\" height=\"599\" src=\"https:\/\/unidiversidadeuva.com.br\/wp-content\/uploads\/2024\/10\/Imagem2.png\" class=\"attachment-large size-large wp-image-308\" alt=\"\" srcset=\"https:\/\/unidiversidadeuva.com.br\/wp-content\/uploads\/2024\/10\/Imagem2.png 794w, https:\/\/unidiversidadeuva.com.br\/wp-content\/uploads\/2024\/10\/Imagem2-300x226.png 300w, https:\/\/unidiversidadeuva.com.br\/wp-content\/uploads\/2024\/10\/Imagem2-768x579.png 768w\" sizes=\"(max-width: 794px) 100vw, 794px\" \/>\t\t\t\t\t\t\t\t\t\t\t\t\t\t\t<\/div>\n\t\t\t\t<\/div>\n\t\t\t\t\t<\/div>\n\t\t<\/div>\n\t\t\t\t\t<\/div>\n\t\t<\/section>\n\t\t\t\t\t<\/div>\n\t\t<\/div>\n\t\t\t\t\t<\/div>\n\t\t<\/section>\n\t\t\t\t<\/div>\n\t\t","protected":false},"excerpt":{"rendered":"<p>Unidiversidade A Unidiversidade \u00e9 um projeto dedicado \u00e0 promo\u00e7\u00e3o da inclus\u00e3o, diversidade e valoriza\u00e7\u00e3o de experi\u00eancias culturais e pedag\u00f3gicas da Universidade Estadual do Vale do Acara\u00fa.\u00a0Em parceria com coletivos negros, LGBTQIAPN+ e ind\u00edgenas, buscamos dar voz \u00e0s narrativas e viv\u00eancias dessas comunidades, promovendo a troca de saberes e o reconhecimento de suas hist\u00f3rias. Al\u00e9m disso, o projeto tamb\u00e9m se dedica \u00e0 cria\u00e7\u00e3o e compartilhamento de relatos de experi\u00eancias museol\u00f3gicas e pedag\u00f3gicas, que refor\u00e7am a import\u00e2ncia da preserva\u00e7\u00e3o cultural e da educa\u00e7\u00e3o inclusiva.\u00a0Aqui, voc\u00ea encontrar\u00e1 not\u00edcias, eventos e a\u00e7\u00f5es desenvolvidas pelas nossas equipes e parceiros, fortalecendo nossa miss\u00e3o de construir uma sociedade mais justa e plural. \u00a0<\/p>\n","protected":false},"author":1,"featured_media":0,"parent":0,"menu_order":0,"comment_status":"closed","ping_status":"closed","template":"page-templates\/template-pagebuilder-full-width.php","meta":{"neve_meta_sidebar":"","neve_meta_container":"","neve_meta_enable_content_width":"","neve_meta_content_width":0,"neve_meta_title_alignment":"","neve_meta_author_avatar":"","neve_post_elements_order":"","neve_meta_disable_header":"","neve_meta_disable_footer":"","neve_meta_disable_title":"","footnotes":""},"class_list":["post-327","page","type-page","status-publish","hentry"],"_links":{"self":[{"href":"https:\/\/unidiversidadeuva.com.br\/index.php\/wp-json\/wp\/v2\/pages\/327"}],"collection":[{"href":"https:\/\/unidiversidadeuva.com.br\/index.php\/wp-json\/wp\/v2\/pages"}],"about":[{"href":"https:\/\/unidiversidadeuva.com.br\/index.php\/wp-json\/wp\/v2\/types\/page"}],"author":[{"embeddable":true,"href":"https:\/\/unidiversidadeuva.com.br\/index.php\/wp-json\/wp\/v2\/users\/1"}],"replies":[{"embeddable":true,"href":"https:\/\/unidiversidadeuva.com.br\/index.php\/wp-json\/wp\/v2\/comments?post=327"}],"version-history":[{"count":7,"href":"https:\/\/unidiversidadeuva.com.br\/index.php\/wp-json\/wp\/v2\/pages\/327\/revisions"}],"predecessor-version":[{"id":346,"href":"https:\/\/unidiversidadeuva.com.br\/index.php\/wp-json\/wp\/v2\/pages\/327\/revisions\/346"}],"wp:attachment":[{"href":"https:\/\/unidiversidadeuva.com.br\/index.php\/wp-json\/wp\/v2\/media?parent=327"}],"curies":[{"name":"wp","href":"https:\/\/api.w.org\/{rel}","templated":true}]}}